{"id":88,"date":"2012-03-09T09:50:52","date_gmt":"2012-03-09T08:50:52","guid":{"rendered":"http:\/\/cpmendavia.educacion.navarra.es\/web\/?page_id=88"},"modified":"2020-09-23T11:08:18","modified_gmt":"2020-09-23T09:08:18","slug":"atencion-al-publico","status":"publish","type":"page","link":"https:\/\/cpmendavia.educacion.navarra.es\/web\/educa-2\/atencion-al-publico\/","title":{"rendered":"Atenci\u00f3n al P\u00fablico"},"content":{"rendered":"<p style=\"text-align: center;\"><a href=\"https:\/\/cpmendavia.educacion.navarra.es\/web\/wp-content\/uploads\/2012\/03\/google-docs001.jpg\"><img loading=\"lazy\" class=\"aligncenter wp-image-197\" title=\"Secretaria\" src=\"https:\/\/cpmendavia.educacion.navarra.es\/web\/wp-content\/uploads\/2012\/03\/google-docs001-288x300.jpg\" alt=\"\" width=\"161\" height=\"168\" srcset=\"https:\/\/cpmendavia.educacion.navarra.es\/web\/wp-content\/uploads\/2012\/03\/google-docs001-288x300.jpg 288w, https:\/\/cpmendavia.educacion.navarra.es\/web\/wp-content\/uploads\/2012\/03\/google-docs001.jpg 461w\" sizes=\"(max-width: 161px) 100vw, 161px\" \/><\/a><em><strong>Horario de atenci\u00f3n al p\u00fablico:<\/strong><\/em><\/p>\n<p style=\"text-align: center;\">De lunes a viernes de 9:00 a 13:00 horas<\/p>\n<p style=\"text-align: center;\">C\/ Miguel P\u00e9rez, 7<\/p>\n<p style=\"text-align: center;\">31587 MENDAVIA (NAVARRA)<\/p>\n<p style=\"text-align: center;\">Tel\u00e9fono: 948 685 805<\/p>\n<p style=\"text-align: center;\">E-mail: <a href=\"mailto:cpmendav@educacion.navarra.es\" target=\"_blank\" rel=\"noopener noreferrer\">cpmendav@educacion.navarra.es<\/a><\/p>\n<p style=\"text-align: center;\"><em><strong>Oficinas Direcci\u00f3n:<\/strong><\/em><\/p>\n<p style=\"text-align: center;\">DIRECTOR: Francisco Javier Masa Echarri<\/p>\n<p style=\"text-align: center;\">ADMINISTRATIVO: Javier Garc\u00eda Lorente<\/p>\n<p style=\"text-align: center;\"><em><strong>Oficinas Secretaria:<\/strong><\/em><\/p>\n<p style=\"text-align: center;\">SECRETARIA: Marta \u00c1lvarez S\u00e1enz<\/p>\n<p style=\"text-align: center;\">JEFE DE ESTUDIOS: Marta Caro S\u00e1daba<\/p>\n","protected":false},"excerpt":{"rendered":"<p>Horario de atenci\u00f3n al p\u00fablico: De lunes a viernes de 9:00 a 13:00 horas C\/ Miguel P\u00e9rez, 7 31587 MENDAVIA (NAVARRA) Tel\u00e9fono: 948 685 805 E-mail: cpmendav@educacion.navarra.es Oficinas Direcci\u00f3n: DIRECTOR: Francisco Javier Masa Echarri ADMINISTRATIVO: Javier Garc\u00eda Lorente Oficinas Secretaria: &hellip; <a href=\"https:\/\/cpmendavia.educacion.navarra.es\/web\/educa-2\/atencion-al-publico\/\">Sigue leyendo <span class=\"meta-nav\">&rarr;<\/span><\/a><\/p>\n","protected":false},"author":1,"featured_media":0,"parent":52,"menu_order":8,"comment_status":"open","ping_status":"open","template":"","meta":[],"_links":{"self":[{"href":"https:\/\/cpmendavia.educacion.navarra.es\/web\/wp-json\/wp\/v2\/pages\/88"}],"collection":[{"href":"https:\/\/cpmendavia.educacion.navarra.es\/web\/wp-json\/wp\/v2\/pages"}],"about":[{"href":"https:\/\/cpmendavia.educacion.navarra.es\/web\/wp-json\/wp\/v2\/types\/page"}],"author":[{"embeddable":true,"href":"https:\/\/cpmendavia.educacion.navarra.es\/web\/wp-json\/wp\/v2\/users\/1"}],"replies":[{"embeddable":true,"href":"https:\/\/cpmendavia.educacion.navarra.es\/web\/wp-json\/wp\/v2\/comments?post=88"}],"version-history":[{"count":18,"href":"https:\/\/cpmendavia.educacion.navarra.es\/web\/wp-json\/wp\/v2\/pages\/88\/revisions"}],"predecessor-version":[{"id":2546,"href":"https:\/\/cpmendavia.educacion.navarra.es\/web\/wp-json\/wp\/v2\/pages\/88\/revisions\/2546"}],"up":[{"embeddable":true,"href":"https:\/\/cpmendavia.educacion.navarra.es\/web\/wp-json\/wp\/v2\/pages\/52"}],"wp:attachment":[{"href":"https:\/\/cpmendavia.educacion.navarra.es\/web\/wp-json\/wp\/v2\/media?parent=88"}],"curies":[{"name":"wp","href":"https:\/\/api.w.org\/{rel}","templated":true}]}}