{"id":76,"date":"2012-03-09T09:43:07","date_gmt":"2012-03-09T08:43:07","guid":{"rendered":"http:\/\/cpmendavia.educacion.navarra.es\/web\/?page_id=76"},"modified":"2012-03-12T10:16:10","modified_gmt":"2012-03-12T09:16:10","slug":"localizacion","status":"publish","type":"page","link":"https:\/\/cpmendavia.educacion.navarra.es\/web\/curso-2011-2012\/localizacion\/","title":{"rendered":"Localizaci\u00f3n"},"content":{"rendered":"<ul>\n<li><strong><a href=\"http:\/\/maps.google.com\/maps?q=mendavia+navarra+&amp;hl=en&amp;sll=37.0625,-95.677068&amp;sspn=46.630055,107.138672&amp;hnear=Mendavia,+Navarre,+Spain&amp;t=m&amp;z=12\"><img loading=\"lazy\" class=\"alignright size-medium wp-image-181\" title=\"Como llegar\" src=\"https:\/\/cpmendavia.educacion.navarra.es\/web\/wp-content\/uploads\/2012\/03\/Como-llegar2-300x288.jpg\" alt=\"\" width=\"300\" height=\"288\" srcset=\"https:\/\/cpmendavia.educacion.navarra.es\/web\/wp-content\/uploads\/2012\/03\/Como-llegar2-300x288.jpg 300w, https:\/\/cpmendavia.educacion.navarra.es\/web\/wp-content\/uploads\/2012\/03\/Como-llegar2.jpg 564w\" sizes=\"(max-width: 300px) 100vw, 300px\" \/><\/a>Comunicaciones:<\/strong> Autov\u00eda A-12 (Pamplona-Logro\u00f1o), Autopista AP-68, Carretera NA-134 (Eje del Ebro), Carretera NA-112 (Los Arcos &#8211; Agoncillo), Carretera local NA-6310 (Mendavia &#8211; Lazagurr\u00eda), Carretera local NA-6361 (Mendavia &#8211; La Barca).<\/li>\n<li><strong>L\u00edmites:<\/strong> Mendavia limita al norte\u00a0con Lazagurr\u00eda, Los Arcos y Sesma, al este\u00a0con Sesma y Alcanadre (La Rioja), al sur con\u00a0R\u00edo Ebro (Alcanadre, Arr\u00fabal y Agoncillo en La Rioja) y al oeste con\u00a0Agoncillo (La Rioja), Viana y Bargota.<\/li>\n<\/ul>\n<p>&nbsp;<\/p>\n<p>&nbsp;<\/p>\n<p>&nbsp;<\/p>\n<p>&nbsp;<\/p>\n<h3><strong>DISTANCIA A DIFERENTES POBLACIONES<\/strong><\/h3>\n<p>Distancia a:<\/p>\n<ul>\n<li>Pamplona: 75 <abbr title=\"kil\u00f3metros\">Km<\/abbr>.<\/li>\n<li>Logro\u00f1o: 20 Km.<\/li>\n<li>Estella: 34 Km.<\/li>\n<li>Vitoria: 75 Km.<\/li>\n<li>Zaragoza: 150 Km.<\/li>\n<\/ul>\n<h3><strong>C\u00d3MO LLEGAR POR CARRETERA<\/strong><\/h3>\n<ul>\n<li>Desde Pamplona, San Sebasti\u00e1n y Francia: Autov\u00eda Pamplona-Logro\u00f1o, salida 67, carretera NA-6310.<\/li>\n<li>Desde Madrid, Vitoria y Logro\u00f1o: Carretera NA-134, (Eje del Ebro, tramo Logro\u00f1o-Mendavia).<\/li>\n<li>Desde Barcelona y Zaragoza: AP-68 (salida Lodosa) y despu\u00e9s por la carretera NA-134 (Eje del Ebro).<\/li>\n<\/ul>\n<p>&nbsp;<\/p>\n<h3><strong><strong>C\u00d3MO LLEGAR EN AUTOB\u00daS<\/strong> <\/strong><\/h3>\n<table summary=\"Descripci\u00f3n del horario de los autobuses para llegar a Mendavia o que salen de Mendavia\" border=\"1\">\n<tbody>\n<tr>\n<th id=\"1060\">Lugar de Salida<\/th>\n<th id=\"1061\">Lugar de Origen<\/th>\n<th id=\"1062\">Horario<\/th>\n<\/tr>\n<tr>\n<td headers=\"1060\">Mendavia<\/td>\n<td headers=\"1061\">Estella<\/td>\n<td headers=\"1062\">\n<ul>\n<li>A las 9:00, 13:45 y 20:15\u00a0de lunes a viernes. (Los servicios de las 9:00 y 13:45 tienen parada en el Hospital Garc\u00eda Orcoyen)<\/li>\n<\/ul>\n<\/td>\n<\/tr>\n<tr>\n<td headers=\"1060\">Estella<\/td>\n<td headers=\"1061\">Mendavia<\/td>\n<td headers=\"1062\">\n<ul>\n<li>A las 8:15, 12:45 y 19:30 de lunes a\u00a0viernes.<\/li>\n<\/ul>\n<\/td>\n<\/tr>\n<tr>\n<td headers=\"1060\"><\/td>\n<td headers=\"1061\"><\/td>\n<td headers=\"1062\"><\/td>\n<\/tr>\n<tr>\n<td headers=\"1060\">Mendavia<\/td>\n<td headers=\"1061\">Logro\u00f1o<\/td>\n<td headers=\"1062\">\n<ul>\n<li>A las 8:15, 15:15 de lunes a viernes.<\/li>\n<li>A las 9:45, 15:15 los\u00a0s\u00e1bados<\/li>\n<li>A las 15:55 domingos y festivos<\/li>\n<\/ul>\n<\/td>\n<\/tr>\n<tr>\n<td headers=\"1060\">Logro\u00f1o<\/td>\n<td headers=\"1061\">Mendavia<\/td>\n<td headers=\"1062\">\n<ul>\n<li>A las 8:45, 13:00, 18:00, 19:00\u00a0y \u00a020:00 de lunes a viernes.<\/li>\n<li>A las 13:00 y 20:00 los s\u00e1bados.<\/li>\n<li>A las 20:00 domingos y festivos.<\/li>\n<\/ul>\n<\/td>\n<\/tr>\n<\/tbody>\n<\/table>\n<p>&nbsp;<\/p>\n<h3><strong><strong><strong><strong>C\u00d3MO LLEGAR EN TREN (Estaci\u00f3n DE LOGRO\u00d1O)<\/strong><\/strong><\/strong><\/strong><\/h3>\n<p><strong>Informaci\u00f3n Telef\u00f3nica y Reserva de Billetes:<\/strong> tel\u00e9fono 902 24 02 02.<\/p>\n<p><strong>Informaci\u00f3n Internacional:<\/strong> tel\u00e9fono 902 24 34 02.<\/p>\n<p><strong>Direcci\u00f3n:<\/strong> Plaza Europa s\/n.<\/p>\n<p><strong>Horario de la Estaci\u00f3n:<\/strong> 24 horas.<\/p>\n<p><strong>Venta de Billetes:<\/strong> De 7:00 a 22:00.<\/p>\n<p><strong>Horario Venta Inmediata de Billetes:<\/strong> De 6:00 a 22:30.<\/p>\n<p><strong>Horario Consigna:<\/strong> 24 horas.<\/p>\n<p><strong>Parada Taxis:<\/strong> S\u00ed.<\/p>\n<p><strong>L\u00edneas de Autob\u00fas:<\/strong> L\u00ednea regular.<\/p>\n<p><strong>Estaci\u00f3n Bus Intermodal:<\/strong> 300 metros.<\/p>\n<p><strong>Hoteles Cercanos:<\/strong><\/p>\n<ul>\n<li>Hotel Carlton Rioja (****), tel\u00e9fono\u00a0941 24 21 00.<\/li>\n<li>Hotel NH Herencia Rioja(****), tel\u00e9fono\u00a0941 21 02 22.<\/li>\n<li>Hotel NH Logro\u00f1o (****), tel\u00e9fono 941 51 92 70.<\/li>\n<li>Hotel Husa Las Ca\u00f1as (****), tel\u00e9fono\u00a0902 10 07 10.<\/li>\n<li>Hotel Husa Gran V\u00eda (****), tel\u00e9fono\u00a0941 28 78 50.<\/li>\n<li>Hotel Murrieta (***), tel\u00e9fono\u00a0941 25 02 44.<\/li>\n<\/ul>\n<h3><strong>C\u00d3MO LLEGAR EN AVI\u00d3N (Aeropuerto de Logro\u00f1o-Agoncillo)<\/strong><\/h3>\n<p>El aeropuerto de Logro\u00f1o-Agoncillo est\u00e1 situado al este de Logro\u00f1o.<\/p>\n<p>El acceso al aeropuerto de Logro\u00f1o &#8211; Agoncillo se realiza a trav\u00e9s de la carretera N-232, de Logro\u00f1o a Zaragoza. El tiempo estimado entre Logro\u00f1o y el aeropuerto es de diez minutos. Se ha construido un nudo de enlace desde la N-232.<\/p>\n<p><strong>Tel\u00e9fono Radiotaxi:<\/strong> 941 50 50 50 \/ 941 22 21 22.<\/p>\n<p><strong>Horario:<\/strong> El horario operativo diario es de 6:30 a 22:00, horas locales.<\/p>\n<p><strong>Compra billetes de avi\u00f3n en el aeropuerto:<\/strong> La compa\u00f1\u00eda a\u00e9rea Iberia Regional Air Nostrum dispone de una oficina de venta de billetes en el vest\u00edbulo del aeropuerto. Puede tambi\u00e9n adquirir un billete a trav\u00e9s del tel\u00e9fono de informaci\u00f3n y reservas de Iberia: 902 40 05 00.<\/p>\n<p><strong>Compa\u00f1\u00edas a\u00e9reas:<\/strong><\/p>\n<ul>\n<li>IBERIA:<br \/>\n&#8211;\u00a0Tel\u00e9fono: 941 27 74 55.<br \/>\n&#8211;\u00a0Tel\u00e9fono informaci\u00f3n y reservas: 902 40 05 00.<br \/>\n&#8211;\u00a0Fax: 941 27 74 96.<\/li>\n<li>SPANAIR:<br \/>\n&#8211;\u00a0Tel\u00e9fono: 902 13 14 15.<\/li>\n<\/ul>\n<p><strong>Vuelos que operan en el aeropuerto de Logro\u00f1o-Agoncillo:<\/strong><\/p>\n<ul>\n<li>Iberia oferta dos vuelos a Madrid, de lunes a viernes, a las 7:00 y a las 16:45; desde Madrid-Barajas, salen a las 15:20 y a las 20:25. Los s\u00e1bados sale de Agoncillo a las 9:05 y regresa los domingos a las 20:00. Los vuelos duran 55 minutos.<\/li>\n<li>A Barcelona, Iberia vuela, de lunes a viernes a las 7:25; desde Barcelona, el vuelo sale a las 20:30. Los s\u00e1bados el avi\u00f3n despega de Logro\u00f1o-Agoncillo a las 9:00 y regresa desde Barcelona el domingo a las 19:40. La duraci\u00f3n del viaje es de 1 hora 15 minutos, aproximadamente.<\/li>\n<li>Los domingos, la compa\u00f1\u00eda Lagun Air oferta un vuelo a Palma de Mallorca y otro a Bilbao, que conecta posteriormente con Le\u00f3n.<\/li>\n<li>Tel\u00e9fono informaci\u00f3n: 941 27 74 00.<\/li>\n<\/ul>\n","protected":false},"excerpt":{"rendered":"<p>Comunicaciones: Autov\u00eda A-12 (Pamplona-Logro\u00f1o), Autopista AP-68, Carretera NA-134 (Eje del Ebro), Carretera NA-112 (Los Arcos &#8211; Agoncillo), Carretera local NA-6310 (Mendavia &#8211; Lazagurr\u00eda), Carretera local NA-6361 (Mendavia &#8211; La Barca). L\u00edmites: Mendavia limita al norte\u00a0con Lazagurr\u00eda, Los Arcos y Sesma, &hellip; <a href=\"https:\/\/cpmendavia.educacion.navarra.es\/web\/curso-2011-2012\/localizacion\/\">Sigue leyendo <span class=\"meta-nav\">&rarr;<\/span><\/a><\/p>\n","protected":false},"author":1,"featured_media":0,"parent":45,"menu_order":3,"comment_status":"open","ping_status":"open","template":"","meta":[],"_links":{"self":[{"href":"https:\/\/cpmendavia.educacion.navarra.es\/web\/wp-json\/wp\/v2\/pages\/76"}],"collection":[{"href":"https:\/\/cpmendavia.educacion.navarra.es\/web\/wp-json\/wp\/v2\/pages"}],"about":[{"href":"https:\/\/cpmendavia.educacion.navarra.es\/web\/wp-json\/wp\/v2\/types\/page"}],"author":[{"embeddable":true,"href":"https:\/\/cpmendavia.educacion.navarra.es\/web\/wp-json\/wp\/v2\/users\/1"}],"replies":[{"embeddable":true,"href":"https:\/\/cpmendavia.educacion.navarra.es\/web\/wp-json\/wp\/v2\/comments?post=76"}],"version-history":[{"count":7,"href":"https:\/\/cpmendavia.educacion.navarra.es\/web\/wp-json\/wp\/v2\/pages\/76\/revisions"}],"predecessor-version":[{"id":192,"href":"https:\/\/cpmendavia.educacion.navarra.es\/web\/wp-json\/wp\/v2\/pages\/76\/revisions\/192"}],"up":[{"embeddable":true,"href":"https:\/\/cpmendavia.educacion.navarra.es\/web\/wp-json\/wp\/v2\/pages\/45"}],"wp:attachment":[{"href":"https:\/\/cpmendavia.educacion.navarra.es\/web\/wp-json\/wp\/v2\/media?parent=76"}],"curies":[{"name":"wp","href":"https:\/\/api.w.org\/{rel}","templated":true}]}}