{"id":2666,"date":"2021-06-16T11:03:35","date_gmt":"2021-06-16T09:03:35","guid":{"rendered":"http:\/\/cpmendavia.educacion.navarra.es\/web\/?page_id=2666"},"modified":"2025-06-24T11:13:49","modified_gmt":"2025-06-24T09:13:49","slug":"inscripciones","status":"publish","type":"page","link":"https:\/\/cpmendavia.educacion.navarra.es\/web\/apyma\/inscripciones\/","title":{"rendered":"Inscripciones 2025\/2026"},"content":{"rendered":"\n<p>Os invitamos a pertenecer a la Asociaci\u00f3n de padres y madres del CPEP SAN FRANCISCO JAVIER. La lista de socios\/as nos sirve para mejorar la comunicaci\u00f3n entre familias y APYMA. Queremos teneros informados de las novedades, charlas y actividades que se desarrollen en el centro.<\/p>\n\n\n\n<p><strong>\u00bfQu\u00e9 hace la Apyma \u00abVirgen de Legarda\u00bb del Colegio San F\u00ba Javier?<\/strong><\/p>\n\n\n\n<ul><li><strong>Gesti\u00f3n del Comedor<\/strong>:&nbsp;trabajamos para tener un comedor de calidad, con men\u00fas saludables, buena atenci\u00f3n a los ni\u00f1@s e instalaciones adecuadas. Creemos que una buena alimentaci\u00f3n forma parte de la educaci\u00f3n.<\/li><\/ul>\n\n\n\n<ul><li><strong>Actividades Extraescolares y Talleres<\/strong>: organizamos &nbsp;extraescolares dentro del curso escolar y los socios y socias adem\u00e1s, se beneficiar\u00e1n de las ayudas que la APYMA aporta a las actividades realizadas durante el curso.<\/li><\/ul>\n\n\n\n<ul><li><strong>Participaci\u00f3n en el Consejo Escolar<\/strong>: un miembro de la Apyma participa en las reuniones de Consejo Escolar. Es el foro para proponer las mejoras o sugerencias de madres y padres. Somos tu voz.<\/li><\/ul>\n\n\n\n<p><em>-Puedes estar informad@ de nuestras actividades en la pesta\u00f1a \u201cApyma\u201d apartado  \u00abActividades\u00bb<\/em>.<\/p>\n\n\n\n<p><em>-Puedes contactar con nosotros en el mail:&nbsp;<\/em><a href=\"mailto:apymavirgendelegarda@gmail.com\">apymavirgendelegarda@gmail.com<\/a><\/p>\n\n\n\n<p><em><strong>Para hacerte soci@ rellena la inscripci\u00f3n\u00a0\u00a0directamente en este formulario <a href=\"https:\/\/forms.gle\/CuKmRoXHiCpv191G8\" target=\"_blank\" rel=\"noreferrer noopener\">(clic aqu\u00ed<\/a>)\u00a0 Son solamente 20\u20ac al a\u00f1o por familia, independientemente de los hij@s que tengas en el centro.<\/strong><\/em><\/p>\n\n\n\n<p><strong>Enlaces a documentos:<\/strong><\/p>\n\n\n\n<ul><li><a rel=\"noreferrer noopener\" href=\"https:\/\/drive.google.com\/file\/d\/1S3-WZ75h4lBX5OdmjNy9EQ3SwzVOfZav\/view?usp=sharing\" target=\"_blank\">Circula<\/a><a rel=\"noreferrer noopener\" href=\"https:\/\/drive.google.com\/file\/d\/1PWs27nVTNMR5XqBd35ufSxJ2Czn0jaHB\/view?usp=sharing\" target=\"_blank\">r<\/a><a rel=\"noreferrer noopener\" href=\"https:\/\/drive.google.com\/file\/d\/1oggOgWv07mFJqtJJDdiB-UhxqNS_YGho\/view?usp=sharing\" target=\"_blank\"> <\/a>de Inscripci\u00f3n a la APYMA 2025-2026.<\/li><\/ul>\n\n\n\n<ul><li>Comedor<ul><li><a rel=\"noreferrer noopener\" href=\"https:\/\/forms.gle\/SzMCVqEn2Xq2UrvF6\" target=\"_blank\">Formulario<\/a><a rel=\"noreferrer noopener\" href=\"https:\/\/forms.gle\/4cV2TGLNn7rckWkx8\" target=\"_blank\"> <\/a>de inscripci\u00f3n Comedor\u00a0 25\/26.<\/li><\/ul><ul><li><a rel=\"noreferrer noopener\" href=\"https:\/\/drive.google.com\/file\/d\/1-9rHBxjaG_NSUISBQxUYqoLC9rmeetP0\/view?usp=sharing\" target=\"_blank\">Normas del comedor<\/a><\/li><li><a rel=\"noreferrer noopener\" href=\"https:\/\/drive.google.com\/file\/d\/11cNmQRMBGn9iy9kqdDfxr7PN3797iTun\/view?usp=sharing\" target=\"_blank\">Normativa interna del comedor<\/a><\/li><\/ul><\/li><\/ul>\n\n\n\n<p>Si por alg\u00fan motivo no se pudiera acudir al comedor o se solicita el servicio para un d\u00eda suelto, s<em>er\u00e1 IMPRESCINDIBLE avisar al responsable del servicio en el tel\u00e9fono <\/em>948685805 <em>con al menos 24h de antelaci\u00f3n para comprobar que hay plazas disponibles en el grupo estable de tu hijo\/a. En caso de no haber plaza el servicio no ser\u00e1 posible.<\/em><br><em>*Es obligatorio hacer el pago del servicio de manera previa y entregar el justificante del pago al responsable del servicio.<\/em><br><em>*Precio comedor d\u00edas sueltos: 9,00\u20ac<\/em><br><em>*N\u00famero de cuenta (Caja Rural): ES51 3008 0022 0634 4556 4523<\/em><br><em><strong>*Recuerda que es obligatorio ser socio\/a de la APYMA para poder hacer uso del servicio de comedor.<\/strong><\/em><\/p>\n\n\n\n<p><\/p>\n","protected":false},"excerpt":{"rendered":"<p>Os invitamos a pertenecer a la Asociaci\u00f3n de padres y madres del CPEP SAN FRANCISCO JAVIER. La lista de socios\/as nos sirve para mejorar la comunicaci\u00f3n entre familias y APYMA. Queremos teneros informados de las novedades, charlas y actividades que &hellip; <a href=\"https:\/\/cpmendavia.educacion.navarra.es\/web\/apyma\/inscripciones\/\">Sigue leyendo <span class=\"meta-nav\">&rarr;<\/span><\/a><\/p>\n","protected":false},"author":1,"featured_media":0,"parent":126,"menu_order":1,"comment_status":"closed","ping_status":"closed","template":"","meta":[],"_links":{"self":[{"href":"https:\/\/cpmendavia.educacion.navarra.es\/web\/wp-json\/wp\/v2\/pages\/2666"}],"collection":[{"href":"https:\/\/cpmendavia.educacion.navarra.es\/web\/wp-json\/wp\/v2\/pages"}],"about":[{"href":"https:\/\/cpmendavia.educacion.navarra.es\/web\/wp-json\/wp\/v2\/types\/page"}],"author":[{"embeddable":true,"href":"https:\/\/cpmendavia.educacion.navarra.es\/web\/wp-json\/wp\/v2\/users\/1"}],"replies":[{"embeddable":true,"href":"https:\/\/cpmendavia.educacion.navarra.es\/web\/wp-json\/wp\/v2\/comments?post=2666"}],"version-history":[{"count":39,"href":"https:\/\/cpmendavia.educacion.navarra.es\/web\/wp-json\/wp\/v2\/pages\/2666\/revisions"}],"predecessor-version":[{"id":3369,"href":"https:\/\/cpmendavia.educacion.navarra.es\/web\/wp-json\/wp\/v2\/pages\/2666\/revisions\/3369"}],"up":[{"embeddable":true,"href":"https:\/\/cpmendavia.educacion.navarra.es\/web\/wp-json\/wp\/v2\/pages\/126"}],"wp:attachment":[{"href":"https:\/\/cpmendavia.educacion.navarra.es\/web\/wp-json\/wp\/v2\/media?parent=2666"}],"curies":[{"name":"wp","href":"https:\/\/api.w.org\/{rel}","templated":true}]}}