{"id":2601,"date":"2020-11-08T12:11:05","date_gmt":"2020-11-08T11:11:05","guid":{"rendered":"http:\/\/cpmendavia.educacion.navarra.es\/web\/?page_id=2601"},"modified":"2024-03-04T15:07:52","modified_gmt":"2024-03-04T14:07:52","slug":"cursos-y-resumenes-de-programaciones-de-areas","status":"publish","type":"page","link":"https:\/\/cpmendavia.educacion.navarra.es\/web\/curso-2-011-2-012\/cursos-y-resumenes-de-programaciones-de-areas\/","title":{"rendered":"Cursos y res\u00famenes de programaciones de \u00e1reas"},"content":{"rendered":"\n<p class=\"has-text-color\" style=\"color:#e71010;font-size:18px\">1\u00ba EDUCACI\u00d3N PRIMARIA<\/p>\n\n\n\n<div class=\"wp-container-1 wp-block-group\"><div class=\"wp-block-group__inner-container\">\n<ul id=\"block-21cf2ffa-769e-4985-8ca3-c0abc6272141\"><li><a href=\"https:\/\/docs.google.com\/spreadsheets\/d\/1hubUhXzumX-7ZAVV3BHE9ts-OSNNBdbD\/edit?usp=share_link&amp;ouid=107093175166431336979&amp;rtpof=true&amp;sd=true\" target=\"_blank\" rel=\"noreferrer noopener\">Conocimiento natural, social y cultural.<\/a><\/li><li><a href=\"https:\/\/docs.google.com\/spreadsheets\/d\/1cG3veqcsH0HjSuXmk131daLH1xk9VrB3\/edit?usp=share_link&amp;ouid=107093175166431336979&amp;rtpof=true&amp;sd=true\" target=\"_blank\" rel=\"noreferrer noopener\">Lengua castellana y literatura<\/a><\/li><li><a href=\"https:\/\/docs.google.com\/spreadsheets\/d\/1Fo8ja3HELhJ1HXtyxLzCwynSs54hWJbt\/edit?usp=share_link&amp;ouid=107093175166431336979&amp;rtpof=true&amp;sd=true\" target=\"_blank\" rel=\"noreferrer noopener\">Matem\u00e1ticas<\/a><\/li><li><a href=\"https:\/\/docs.google.com\/spreadsheets\/d\/19DnqnZotSgRhxeRfGWEt9NU6aoWg2c88\/edit?usp=share_link&amp;ouid=107093175166431336979&amp;rtpof=true&amp;sd=true\" target=\"_blank\" rel=\"noreferrer noopener\">Primera lengua extranjera: Ingl\u00e9s<\/a><\/li><li><a href=\"https:\/\/docs.google.com\/spreadsheets\/d\/1-C64xDqmBc-132-BFPMNJiY1h6ktQf73\/edit?usp=share_link&amp;ouid=107093175166431336979&amp;rtpof=true&amp;sd=true\" target=\"_blank\" rel=\"noreferrer noopener\">Educaci\u00f3n f\u00edsica<\/a><\/li><li><a href=\"https:\/\/docs.google.com\/spreadsheets\/d\/15NURRxqY67B9IDVqsDN_lzn8qjZrq7JO\/edit?usp=share_link&amp;ouid=107093175166431336979&amp;rtpof=true&amp;sd=true\" target=\"_blank\" rel=\"noreferrer noopener\">Ense\u00f1anza de Religi\u00f3n (Cat\u00f3lica)<\/a><\/li><li><a href=\"https:\/\/docs.google.com\/spreadsheets\/d\/1sPsYIWASyhmaFOA4OsbXYfDsNv-_yx2Q\/edit?usp=share_link&amp;ouid=107093175166431336979&amp;rtpof=true&amp;sd=true\" target=\"_blank\" rel=\"noreferrer noopener\">Educaci\u00f3n art\u00edstica (Pl\u00e1stica y visual)<\/a><\/li><li><a href=\"https:\/\/docs.google.com\/spreadsheets\/d\/1WnKaccPs6IkdWyk3tXvS962F3AztYkA-\/edit?usp=share_link&amp;ouid=107093175166431336979&amp;rtpof=true&amp;sd=true\" target=\"_blank\" rel=\"noreferrer noopener\">Educaci\u00f3n art\u00edstica (M\u00fasica y Danza)<\/a><\/li><li><a href=\"https:\/\/docs.google.com\/spreadsheets\/d\/1qiTEuhd4fLAjPqNcQy9djuW1zREMEmz7\/edit?usp=share_link&amp;ouid=107093175166431336979&amp;rtpof=true&amp;sd=true\" target=\"_blank\" rel=\"noreferrer noopener\">Estrategias lectoras y producci\u00f3n de textos<\/a><\/li><li><a href=\"https:\/\/docs.google.com\/spreadsheets\/d\/1bh3S9NT5iYvAkWZ223EIHh4k1h6GIDUK\/edit?usp=share_link&amp;ouid=107093175166431336979&amp;rtpof=true&amp;sd=true\" target=\"_blank\" rel=\"noreferrer noopener\">Razonamiento matem\u00e1tico y resoluci\u00f3n de problemas<\/a><\/li><li><a href=\"https:\/\/docs.google.com\/spreadsheets\/d\/1Ppaw0jiWnAsUKjsE6l_752BMl8lmmXnf\/edit?usp=sharing&amp;ouid=107093175166431336979&amp;rtpof=true&amp;sd=true\" target=\"_blank\" rel=\"noreferrer noopener\">Lengua vasca y literatura<\/a><\/li><\/ul>\n\n\n\n<p><\/p>\n\n\n\n<p><\/p>\n<\/div><\/div>\n\n\n\n<p class=\"has-blue-color has-text-color has-medium-font-size\">2\u00ba EDUCACI\u00d3N PRIMARIA<\/p>\n\n\n\n<div class=\"wp-container-2 wp-block-group\"><div class=\"wp-block-group__inner-container\">\n<ul id=\"block-21cf2ffa-769e-4985-8ca3-c0abc6272141\"><li><a href=\"https:\/\/docs.google.com\/spreadsheets\/d\/1Ifs9Byo2nZRhItuEu6A6_5QkidPSoQyW\/edit?usp=sharing&amp;ouid=107093175166431336979&amp;rtpof=true&amp;sd=true\" target=\"_blank\" rel=\"noreferrer noopener\">Conocimiento del medio natural, social y cultural<\/a><\/li><li><a href=\"https:\/\/docs.google.com\/spreadsheets\/d\/1I-iTNKoFNuferoislH2mwRxtUrBjl2f9\/edit?usp=sharing&amp;ouid=107093175166431336979&amp;rtpof=true&amp;sd=true\" target=\"_blank\" rel=\"noreferrer noopener\">Lengua castellana y literatura<\/a><\/li><li><a href=\"https:\/\/docs.google.com\/spreadsheets\/d\/1eWtWyXyjGYFy3-ZXfeGDwXlDCLlB4oBz\/edit?usp=sharing&amp;ouid=107093175166431336979&amp;rtpof=true&amp;sd=true\" target=\"_blank\" rel=\"noreferrer noopener\">Matem\u00e1ticas<\/a><\/li><li><a rel=\"noreferrer noopener\" href=\"https:\/\/docs.google.com\/spreadsheets\/d\/1cZ-njzkssaJATKOHxxuX_7ifN75nAjk9\/edit?usp=sharing&amp;ouid=107093175166431336979&amp;rtpof=true&amp;sd=true\" target=\"_blank\">Ingl\u00e9s<\/a><\/li><li><a href=\"https:\/\/docs.google.com\/spreadsheets\/d\/1-PBLXYgigxeLKnWivyYH5GDHds_5fgLx\/edit?usp=sharing&amp;ouid=107093175166431336979&amp;rtpof=true&amp;sd=true\" target=\"_blank\" rel=\"noreferrer noopener\">Educaci\u00f3n f\u00edsica<\/a><\/li><li><a rel=\"noreferrer noopener\" href=\"https:\/\/docs.google.com\/spreadsheets\/d\/1HZ2h8iWNw0vTcQkac9oFfC_PTpxLAwBG\/edit?usp=sharing&amp;ouid=107093175166431336979&amp;rtpof=true&amp;sd=true\" target=\"_blank\">Religi\u00f3n (Cat\u00f3lica)<\/a><\/li><li><a rel=\"noreferrer noopener\" href=\"https:\/\/docs.google.com\/spreadsheets\/d\/1IKPCxB2Kn8Ei_WD4LClZT5z_GF8SUMK8\/edit?usp=sharing&amp;ouid=107093175166431336979&amp;rtpof=true&amp;sd=true\" target=\"_blank\">Educaci\u00f3n art\u00edstica (Pl\u00e1stica)<\/a><\/li><li><a rel=\"noreferrer noopener\" href=\"https:\/\/docs.google.com\/spreadsheets\/d\/1e3Ckwuor0fqjouhhnLylp7C4GmjLaUOD\/edit?usp=sharing&amp;ouid=107093175166431336979&amp;rtpof=true&amp;sd=true\" target=\"_blank\">Estrategias lectoras y producci\u00f3n de textos<\/a><\/li><li><a rel=\"noreferrer noopener\" href=\"https:\/\/docs.google.com\/spreadsheets\/d\/1KEjh5hWHc19GdAZ0mGU17d2U67mIba22\/edit?usp=sharing&amp;ouid=107093175166431336979&amp;rtpof=true&amp;sd=true\" target=\"_blank\">Razonamiento matem\u00e1tico y resoluci\u00f3n de problemas<\/a><\/li><li><a rel=\"noreferrer noopener\" href=\"https:\/\/docs.google.com\/spreadsheets\/d\/1Rn7edVI4VNtEdwa69K4vZmyojE2wCNT-\/edit?usp=sharing&amp;ouid=107093175166431336979&amp;rtpof=true&amp;sd=true\" target=\"_blank\">Lengua vasca y literatura<\/a><\/li><li><a rel=\"noreferrer noopener\" href=\"https:\/\/docs.google.com\/spreadsheets\/d\/1frjIPE1Evv5KdR3Q095vhxvsxVZ5d297\/edit?usp=sharing&amp;ouid=107093175166431336979&amp;rtpof=true&amp;sd=true\" target=\"_blank\">Educaci\u00f3n musical<\/a><\/li><\/ul>\n<\/div><\/div>\n\n\n\n<p class=\"has-text-color has-medium-font-size\" style=\"color:#148525\">3\u00ba EDUCACI\u00d3N PRIMARIA<\/p>\n\n\n\n<div class=\"wp-container-3 wp-block-group\"><div class=\"wp-block-group__inner-container\">\n<ul id=\"block-21cf2ffa-769e-4985-8ca3-c0abc6272141\"><li><a href=\"https:\/\/docs.google.com\/spreadsheets\/d\/1Vv1XdLe9Xl37R9ub2tzmvKJBBg_6babU\/edit?usp=share_link&amp;ouid=107093175166431336979&amp;rtpof=true&amp;sd=true\" target=\"_blank\" rel=\"noreferrer noopener\">Conocimiento natural, social y cultural.<\/a><\/li><li><a href=\"https:\/\/docs.google.com\/spreadsheets\/d\/1UsYcAyS6yCJYEcolW-crC4PKma7vJcYD\/edit?usp=share_link&amp;ouid=107093175166431336979&amp;rtpof=true&amp;sd=true\" target=\"_blank\" rel=\"noreferrer noopener\">Lengua castellana y literatura<\/a><\/li><li><a href=\"https:\/\/docs.google.com\/spreadsheets\/d\/1_e0OTvP5qoHKioy-yURGmamQK5yrcqZ4\/edit?usp=share_link&amp;ouid=107093175166431336979&amp;rtpof=true&amp;sd=true\" target=\"_blank\" rel=\"noreferrer noopener\">Matem\u00e1ticas<\/a><\/li><li><a href=\"https:\/\/docs.google.com\/spreadsheets\/d\/1_R8ZMxnFyVUPdTbV6LGkbYc4JXLlchdI\/edit?usp=share_link&amp;ouid=107093175166431336979&amp;rtpof=true&amp;sd=true\" target=\"_blank\" rel=\"noreferrer noopener\">Primera lengua extranjera: Ingl\u00e9s<\/a><\/li><li><a href=\"https:\/\/docs.google.com\/spreadsheets\/d\/1xWiJ-CC5X3rBbWEi-UX-gbnotXLpDp3L\/edit?usp=share_link&amp;ouid=107093175166431336979&amp;rtpof=true&amp;sd=true\" target=\"_blank\" rel=\"noreferrer noopener\">Educaci\u00f3n f\u00edsica<\/a><\/li><li><a href=\"https:\/\/docs.google.com\/spreadsheets\/d\/1m7Y2-2tQuln9AhPS9W1_aWH8TfJEJQmX\/edit?usp=share_link&amp;ouid=107093175166431336979&amp;rtpof=true&amp;sd=true\" target=\"_blank\" rel=\"noreferrer noopener\">Ense\u00f1anza de Religi\u00f3n (Cat\u00f3lica)<\/a><\/li><li><a href=\"https:\/\/docs.google.com\/spreadsheets\/d\/1PWuwWRz4no8vG3aFbtm4x19X495xJYb8\/edit?usp=share_link&amp;ouid=107093175166431336979&amp;rtpof=true&amp;sd=true\" target=\"_blank\" rel=\"noreferrer noopener\">Educaci\u00f3n art\u00edstica (Pl\u00e1stica y visual)<\/a><\/li><li><a href=\"https:\/\/docs.google.com\/spreadsheets\/d\/1MXIq4npOGiaTQnd9FAnKNGMr4k10zAPG\/edit?usp=share_link&amp;ouid=107093175166431336979&amp;rtpof=true&amp;sd=true\" target=\"_blank\" rel=\"noreferrer noopener\">Educaci\u00f3n art\u00edstica (M\u00fasica y Danza)<\/a><\/li><li><a href=\"https:\/\/docs.google.com\/spreadsheets\/d\/1rZbZDaO2JqesJXSq1tOnWGgbPD-Cce8f\/edit?usp=share_link&amp;ouid=107093175166431336979&amp;rtpof=true&amp;sd=true\">Estrategias lectoras y producci\u00f3n de textos<\/a><\/li><li><a href=\"https:\/\/docs.google.com\/spreadsheets\/d\/18U2mbHpgLmrAM7eQ8no91c6bqa1ZKboM\/edit?usp=share_link&amp;ouid=107093175166431336979&amp;rtpof=true&amp;sd=true\" target=\"_blank\" rel=\"noreferrer noopener\">Razonamiento matem\u00e1tico y resoluci\u00f3n de problemas<\/a><\/li><li><a href=\"https:\/\/docs.google.com\/spreadsheets\/d\/14KQWs4nOvMmo4DRBmZSVvZ4rH0saIUt7\/edit?usp=share_link&amp;ouid=107093175166431336979&amp;rtpof=true&amp;sd=true\" target=\"_blank\" rel=\"noreferrer noopener\">Lengua vasca y literatura<\/a><\/li><\/ul>\n<\/div><\/div>\n\n\n\n<p class=\"has-text-color has-medium-font-size\" style=\"color:#993178\">4\u00ba EDUCACI\u00d3N PRIMARIA<\/p>\n\n\n\n<div class=\"wp-container-4 wp-block-group\"><div class=\"wp-block-group__inner-container\">\n<ul id=\"block-21cf2ffa-769e-4985-8ca3-c0abc6272141\"><li><a rel=\"noreferrer noopener\" href=\"https:\/\/docs.google.com\/spreadsheets\/d\/1isWDA3Pdia_0QeDLaOcZUzhHIBHY2DKp\/edit?usp=sharing&amp;ouid=107093175166431336979&amp;rtpof=true&amp;sd=true\" target=\"_blank\">Conocimiento natural, social y cultural<\/a><\/li><li><a rel=\"noreferrer noopener\" href=\"https:\/\/docs.google.com\/spreadsheets\/d\/1KjIJTLCCAQc8OJEH9RBWG672n6nQ-bSB\/edit?usp=sharing&amp;ouid=107093175166431336979&amp;rtpof=true&amp;sd=true\" target=\"_blank\">Lengua castellana y literatura<\/a><\/li><li>Matem\u00e1ticas<\/li><li><a rel=\"noreferrer noopener\" href=\"https:\/\/docs.google.com\/spreadsheets\/d\/1pRGfIzOmrM885HLUYBVmIrNvWChEafh3\/edit?usp=sharing&amp;ouid=107093175166431336979&amp;rtpof=true&amp;sd=true\" target=\"_blank\">Ingl\u00e9s<\/a><\/li><li><a rel=\"noreferrer noopener\" href=\"https:\/\/docs.google.com\/spreadsheets\/d\/160_4yY-ygDDH51QxT7P3QaXbTU0b4zf3\/edit?usp=sharing&amp;ouid=107093175166431336979&amp;rtpof=true&amp;sd=true\" target=\"_blank\">Educaci\u00f3n f\u00edsica<\/a><\/li><li><a rel=\"noreferrer noopener\" href=\"https:\/\/docs.google.com\/spreadsheets\/d\/1AYTvQnc7DybearfZvSqWV_sst7cDy4Qk\/edit?usp=share_link&amp;ouid=107093175166431336979&amp;rtpof=true&amp;sd=true\" target=\"_blank\">Religi\u00f3n (Cat\u00f3lica)<\/a><\/li><li><a rel=\"noreferrer noopener\" href=\"https:\/\/docs.google.com\/spreadsheets\/d\/1Vjc2cOD79iBvA85-hW3RNEM_AMtesaC4\/edit?usp=sharing&amp;ouid=107093175166431336979&amp;rtpof=true&amp;sd=true\" target=\"_blank\">Estrategias lectoras y producci\u00f3n de textos<\/a><\/li><li>Razonamiento matem\u00e1tico y resoluci\u00f3n de problemas<\/li><li><a rel=\"noreferrer noopener\" href=\"https:\/\/docs.google.com\/spreadsheets\/d\/1VH_M2ON4vs7c2fAcLzfjuwxVONwcrHrV\/edit?usp=sharing&amp;ouid=107093175166431336979&amp;rtpof=true&amp;sd=true\" target=\"_blank\">Lengua vasca y literatura<\/a><\/li><li><a rel=\"noreferrer noopener\" href=\"https:\/\/docs.google.com\/spreadsheets\/d\/1XnMJJq9KMBkI4EqgBs3v3v6XPpT2dej2\/edit?usp=share_link&amp;ouid=107093175166431336979&amp;rtpof=true&amp;sd=true\" target=\"_blank\">Educaci\u00f3n musical<\/a><\/li><li><a href=\"https:\/\/docs.google.com\/spreadsheets\/d\/1dvq9zCr__EfSSMeUlwagug0EwDZla_wrVT9nq87ARz0\/edit?usp=sharing\" target=\"_blank\" rel=\"noreferrer noopener\">Educaci\u00f3n art\u00edstica (Pl\u00e1stica)<\/a><\/li><li><a rel=\"noreferrer noopener\" href=\"https:\/\/docs.google.com\/spreadsheets\/d\/1JiJjl_jUA6ylk63d3ips11WHZEUx-XCU\/edit?usp=share_link&amp;ouid=107093175166431336979&amp;rtpof=true&amp;sd=true\" target=\"_blank\">Franc\u00e9s<\/a><\/li><\/ul>\n<\/div><\/div>\n\n\n\n<p class=\"has-text-color has-medium-font-size\" style=\"color:#ee880c\">5\u00ba EDUCACI\u00d3N PRIMARIA<\/p>\n\n\n\n<div class=\"wp-container-5 wp-block-group\"><div class=\"wp-block-group__inner-container\">\n<ul id=\"block-21cf2ffa-769e-4985-8ca3-c0abc6272141\"><li><a href=\"https:\/\/docs.google.com\/spreadsheets\/d\/130tkJI1L5DxOclB0rAvW4QcLUlTRnADu\/edit?usp=share_link&amp;ouid=107093175166431336979&amp;rtpof=true&amp;sd=true\" target=\"_blank\" rel=\"noreferrer noopener\">Conocimiento natural, social y cultural.<\/a><\/li><li><a href=\"https:\/\/docs.google.com\/spreadsheets\/d\/1sNpzHfj7ypKAsju7rmmp9n5699ylvA6iuswe2fxDC50\/edit?usp=share_link\" target=\"_blank\" rel=\"noreferrer noopener\">Lengua castellana y literatura<\/a><\/li><li><a href=\"https:\/\/docs.google.com\/spreadsheets\/d\/1AfK6coJ7o8kiRywwNaQhmP8lFu-jvETkDv-_Epj9Qws\/edit?usp=share_link\" target=\"_blank\" rel=\"noreferrer noopener\">Matem\u00e1ticas<\/a><\/li><li><a href=\"https:\/\/docs.google.com\/spreadsheets\/d\/10xaQZUg2OJoaDPWmj0NGILFEl0bSaZ1N\/edit?usp=share_link&amp;ouid=107093175166431336979&amp;rtpof=true&amp;sd=true\" target=\"_blank\" rel=\"noreferrer noopener\">Primera lengua extranjera: Ingl\u00e9s<\/a><\/li><li><a href=\"https:\/\/docs.google.com\/spreadsheets\/d\/1MKO09zUTE63A6rnr4fb65Q9d5r0ePTXc\/edit?usp=share_link&amp;ouid=107093175166431336979&amp;rtpof=true&amp;sd=true\" target=\"_blank\" rel=\"noreferrer noopener\">Educaci\u00f3n f\u00edsica<\/a><\/li><li><a href=\"https:\/\/docs.google.com\/spreadsheets\/d\/10hve-OfmFBeCXzyS06dq9drai5A1876q\/edit?usp=share_link&amp;ouid=107093175166431336979&amp;rtpof=true&amp;sd=true\" target=\"_blank\" rel=\"noreferrer noopener\">Ense\u00f1anza de Religi\u00f3n (Cat\u00f3lica)<\/a><\/li><li><a href=\"https:\/\/docs.google.com\/spreadsheets\/d\/1Jq68YePfttOy6bjpfdDnuE6dEbapXGwL\/edit?usp=share_link&amp;ouid=107093175166431336979&amp;rtpof=true&amp;sd=true\" target=\"_blank\" rel=\"noreferrer noopener\">Educaci\u00f3n art\u00edstica (Pl\u00e1stica y visual)<\/a><\/li><li><a href=\"https:\/\/docs.google.com\/spreadsheets\/d\/1GJ-JEazOuifqZNqzpMXrONy-o9jy5oqy\/edit?usp=share_link&amp;ouid=107093175166431336979&amp;rtpof=true&amp;sd=true\" target=\"_blank\" rel=\"noreferrer noopener\">Educaci\u00f3n art\u00edstica (M\u00fasica y Danza)<\/a><\/li><li><a href=\"https:\/\/docs.google.com\/spreadsheets\/d\/1L6byqxmQaICRgEM8P54mkK6tcfVfPvXW\/edit?usp=share_link&amp;ouid=107093175166431336979&amp;rtpof=true&amp;sd=true\" target=\"_blank\" rel=\"noreferrer noopener\">Estrategias lectoras y producci\u00f3n de textos<\/a><\/li><li><a href=\"https:\/\/docs.google.com\/spreadsheets\/d\/1DlV03_n0DhnZTszlGkHkqqbDQ4NOo2g4\/edit?usp=share_link&amp;ouid=107093175166431336979&amp;rtpof=true&amp;sd=true\" target=\"_blank\" rel=\"noreferrer noopener\">Razonamiento matem\u00e1tico y resoluci\u00f3n de problemas<\/a><\/li><li><a href=\"https:\/\/docs.google.com\/spreadsheets\/d\/194d6rQ1_5U-VOmxZhhd-p8GNTiIzMWTW\/edit?usp=share_link&amp;ouid=107093175166431336979&amp;rtpof=true&amp;sd=true\" target=\"_blank\" rel=\"noreferrer noopener\">Lengua vasca y literatura<\/a><\/li><li><a href=\"https:\/\/docs.google.com\/spreadsheets\/d\/1M_o53-FJelp25smDmnuH2d8jn_OG2TWf\/edit?usp=share_link&amp;ouid=107093175166431336979&amp;rtpof=true&amp;sd=true\" target=\"_blank\" rel=\"noreferrer noopener\">Segunda lengua extranjera: Franc\u00e9s<\/a><\/li><li><a href=\"https:\/\/docs.google.com\/spreadsheets\/d\/1O5ZzzvLiRmQoMo0jp8gGGoL3Az_asVJG\/edit?usp=share_link&amp;ouid=107093175166431336979&amp;rtpof=true&amp;sd=true\" target=\"_blank\" rel=\"noreferrer noopener\">Valores c\u00edvicos y \u00e9ticos<\/a><\/li><\/ul>\n<\/div><\/div>\n\n\n\n<p class=\"has-text-color has-medium-font-size\" style=\"color:#ed0cca\">6\u00ba EDUCACI\u00d3N PRIMARIA<\/p>\n\n\n\n<div class=\"wp-container-6 wp-block-group\"><div class=\"wp-block-group__inner-container\">\n<ul id=\"block-21cf2ffa-769e-4985-8ca3-c0abc6272141\"><li><a rel=\"noreferrer noopener\" href=\"https:\/\/docs.google.com\/spreadsheets\/d\/1nOmhkJs37x8pQxIOnTRq6Nk_Y7pR23RT\/edit?usp=sharing&amp;ouid=107093175166431336979&amp;rtpof=true&amp;sd=true\" target=\"_blank\">Conocimiento del Medio Natural, Social y Cultural<\/a><\/li><li><a rel=\"noreferrer noopener\" href=\"https:\/\/docs.google.com\/spreadsheets\/d\/1_3bn5MvudWEsSEAOsvE7MrXsKVb_PoE4\/edit?usp=sharing&amp;ouid=107093175166431336979&amp;rtpof=true&amp;sd=true\" target=\"_blank\">Lengua castellana y literatura<\/a><\/li><li><a rel=\"noreferrer noopener\" href=\"https:\/\/docs.google.com\/spreadsheets\/d\/14jE4JfDgWMKDYPsmT1thm71kCz1AoCSu\/edit?usp=sharing&amp;ouid=107093175166431336979&amp;rtpof=true&amp;sd=true\" target=\"_blank\">Matem\u00e1ticas<\/a><\/li><li><a rel=\"noreferrer noopener\" href=\"https:\/\/docs.google.com\/spreadsheets\/d\/1b7tZrbGDPwVXxH7UMBysvHaVljk7M3UA\/edit?usp=sharing&amp;ouid=107093175166431336979&amp;rtpof=true&amp;sd=true\" target=\"_blank\">Ingl\u00e9s<\/a><\/li><li><a rel=\"noreferrer noopener\" href=\"https:\/\/docs.google.com\/spreadsheets\/d\/10tLALAXXPyp-Fz1NfSfbQhkeFA20BfLQ\/edit?usp=sharing&amp;ouid=107093175166431336979&amp;rtpof=true&amp;sd=true\" target=\"_blank\">Educaci\u00f3n f\u00edsica<\/a><\/li><li><a rel=\"noreferrer noopener\" href=\"https:\/\/docs.google.com\/spreadsheets\/d\/1O3yHoVroobyqAY-EHWgV2khhv99C_B1h\/edit?usp=sharing&amp;ouid=107093175166431336979&amp;rtpof=true&amp;sd=true\" target=\"_blank\">Religi\u00f3n (Cat\u00f3lica)<\/a><\/li><li><a rel=\"noreferrer noopener\" href=\"https:\/\/docs.google.com\/spreadsheets\/d\/1aUDuYpPMPAUAnfsHbUl_6xMoImv2odfO\/edit?usp=sharing&amp;ouid=107093175166431336979&amp;rtpof=true&amp;sd=true\" target=\"_blank\">Valores sociales y \u00e9ticos<\/a><\/li><li><a rel=\"noreferrer noopener\" href=\"https:\/\/docs.google.com\/spreadsheets\/d\/1l-LWF-BsqLMGGe-HNnsxfpGohEPPR4wf\/edit?usp=sharing&amp;ouid=107093175166431336979&amp;rtpof=true&amp;sd=true\" target=\"_blank\">Estrategias lectoras y producci\u00f3n de textos<\/a><\/li><li><a rel=\"noreferrer noopener\" href=\"https:\/\/docs.google.com\/spreadsheets\/d\/1hGq3WDpqMmqpOcBcvadc96pCP_ldpDs5\/edit?usp=sharing&amp;ouid=107093175166431336979&amp;rtpof=true&amp;sd=true\" target=\"_blank\">Razonamiento matem\u00e1tico y resoluci\u00f3n de problemas<\/a><\/li><li>Lengua vasca y literatura<\/li><li><a rel=\"noreferrer noopener\" href=\"https:\/\/docs.google.com\/spreadsheets\/d\/1CYzh4ETgSqA8OQk4tmoMIaphLQMej9Z7\/edit?usp=sharing&amp;ouid=107093175166431336979&amp;rtpof=true&amp;sd=true\" target=\"_blank\">Educaci\u00f3n musical<\/a><\/li><li><a rel=\"noreferrer noopener\" href=\"https:\/\/docs.google.com\/spreadsheets\/d\/1MF3UeuxvAB4bfazKdyFdyD57dgT7EaRf\/edit?usp=sharing&amp;ouid=107093175166431336979&amp;rtpof=true&amp;sd=true\" target=\"_blank\">Educaci\u00f3n art\u00edstica (Pl\u00e1stica)<\/a><\/li><li><a href=\"https:\/\/docs.google.com\/spreadsheets\/d\/1-zsbXBoUGrMe_Ar0VR6_ca6rXOul2tnc\/edit?usp=sharing&amp;ouid=107093175166431336979&amp;rtpof=true&amp;sd=true\" target=\"_blank\" rel=\"noreferrer noopener\">Segunda lengua extranjera: Franc\u00e9s<\/a><\/li><\/ul>\n<\/div><\/div>\n","protected":false},"excerpt":{"rendered":"<p>1\u00ba EDUCACI\u00d3N PRIMARIA Conocimiento natural, social y cultural. Lengua castellana y literatura Matem\u00e1ticas Primera lengua extranjera: Ingl\u00e9s Educaci\u00f3n f\u00edsica Ense\u00f1anza de Religi\u00f3n (Cat\u00f3lica) Educaci\u00f3n art\u00edstica (Pl\u00e1stica y visual) Educaci\u00f3n art\u00edstica (M\u00fasica y Danza) Estrategias lectoras y producci\u00f3n de textos Razonamiento &hellip; <a href=\"https:\/\/cpmendavia.educacion.navarra.es\/web\/curso-2-011-2-012\/cursos-y-resumenes-de-programaciones-de-areas\/\">Sigue leyendo <span class=\"meta-nav\">&rarr;<\/span><\/a><\/p>\n","protected":false},"author":1,"featured_media":0,"parent":268,"menu_order":0,"comment_status":"closed","ping_status":"closed","template":"","meta":[],"_links":{"self":[{"href":"https:\/\/cpmendavia.educacion.navarra.es\/web\/wp-json\/wp\/v2\/pages\/2601"}],"collection":[{"href":"https:\/\/cpmendavia.educacion.navarra.es\/web\/wp-json\/wp\/v2\/pages"}],"about":[{"href":"https:\/\/cpmendavia.educacion.navarra.es\/web\/wp-json\/wp\/v2\/types\/page"}],"author":[{"embeddable":true,"href":"https:\/\/cpmendavia.educacion.navarra.es\/web\/wp-json\/wp\/v2\/users\/1"}],"replies":[{"embeddable":true,"href":"https:\/\/cpmendavia.educacion.navarra.es\/web\/wp-json\/wp\/v2\/comments?post=2601"}],"version-history":[{"count":32,"href":"https:\/\/cpmendavia.educacion.navarra.es\/web\/wp-json\/wp\/v2\/pages\/2601\/revisions"}],"predecessor-version":[{"id":3284,"href":"https:\/\/cpmendavia.educacion.navarra.es\/web\/wp-json\/wp\/v2\/pages\/2601\/revisions\/3284"}],"up":[{"embeddable":true,"href":"https:\/\/cpmendavia.educacion.navarra.es\/web\/wp-json\/wp\/v2\/pages\/268"}],"wp:attachment":[{"href":"https:\/\/cpmendavia.educacion.navarra.es\/web\/wp-json\/wp\/v2\/media?parent=2601"}],"curies":[{"name":"wp","href":"https:\/\/api.w.org\/{rel}","templated":true}]}}