{"id":2574,"date":"2020-11-03T12:15:37","date_gmt":"2020-11-03T11:15:37","guid":{"rendered":"http:\/\/cpmendavia.educacion.navarra.es\/web\/?page_id=2574"},"modified":"2020-11-25T10:22:09","modified_gmt":"2020-11-25T09:22:09","slug":"aula-nntt-familias","status":"publish","type":"page","link":"https:\/\/cpmendavia.educacion.navarra.es\/web\/aula-nntt-familias\/","title":{"rendered":"AULA NNTT FAMILIAS"},"content":{"rendered":"\n<p>Esta p\u00e1gina pretende acercaros una serie de videotutoriales b\u00e1sicos para que pod\u00e1is manejar las herramientas acad\u00e9micas de Google desde casa y resolver algunas dudas que os puedan surgir.  Esperamos que os sirvan.  En todo caso, ante cualquier problema, pod\u00e9is poneros en contacto con vuestra docente de referencia o directamente con el Colegio.<\/p>\n\n\n\n<ul><li>Para ver los videotutoriales deb\u00e9is colocar el cursor sobre la pesta\u00f1a Aula NNTT Familias para que se os abra un abanico de tutoriales de las diferentes herramientas.<\/li><\/ul>\n\n\n\n<ul><li>Si alguna familia ten\u00e9is problemas para manejaros con las herramientas telem\u00e1ticas de trabajo escolar en casa <strong>poneros en contacto con las tutoras a la mayor brevedad<\/strong> y podremos organizar una sesi\u00f3n presencial para resolver vuestras dudas.<\/li><\/ul>\n\n\n\n<figure class=\"wp-block-image size-large is-resized\"><img loading=\"lazy\" src=\"https:\/\/previews.123rf.com\/images\/zhevasylieva\/zhevasylieva1601\/zhevasylieva160100017\/51575054-lindo-dibujo-vectorial-dibujo-de-la-computadora-port%C3%A1til-aislado-en-blanco.jpg\" alt=\"\" width=\"250\" height=\"250\"\/><\/figure>\n","protected":false},"excerpt":{"rendered":"<p>Esta p\u00e1gina pretende acercaros una serie de videotutoriales b\u00e1sicos para que pod\u00e1is manejar las herramientas acad\u00e9micas de Google desde casa y resolver algunas dudas que os puedan surgir. Esperamos que os sirvan. En todo caso, ante cualquier problema, pod\u00e9is poneros &hellip; <a href=\"https:\/\/cpmendavia.educacion.navarra.es\/web\/aula-nntt-familias\/\">Sigue leyendo <span class=\"meta-nav\">&rarr;<\/span><\/a><\/p>\n","protected":false},"author":1,"featured_media":0,"parent":0,"menu_order":47,"comment_status":"closed","ping_status":"closed","template":"","meta":[],"_links":{"self":[{"href":"https:\/\/cpmendavia.educacion.navarra.es\/web\/wp-json\/wp\/v2\/pages\/2574"}],"collection":[{"href":"https:\/\/cpmendavia.educacion.navarra.es\/web\/wp-json\/wp\/v2\/pages"}],"about":[{"href":"https:\/\/cpmendavia.educacion.navarra.es\/web\/wp-json\/wp\/v2\/types\/page"}],"author":[{"embeddable":true,"href":"https:\/\/cpmendavia.educacion.navarra.es\/web\/wp-json\/wp\/v2\/users\/1"}],"replies":[{"embeddable":true,"href":"https:\/\/cpmendavia.educacion.navarra.es\/web\/wp-json\/wp\/v2\/comments?post=2574"}],"version-history":[{"count":7,"href":"https:\/\/cpmendavia.educacion.navarra.es\/web\/wp-json\/wp\/v2\/pages\/2574\/revisions"}],"predecessor-version":[{"id":2627,"href":"https:\/\/cpmendavia.educacion.navarra.es\/web\/wp-json\/wp\/v2\/pages\/2574\/revisions\/2627"}],"wp:attachment":[{"href":"https:\/\/cpmendavia.educacion.navarra.es\/web\/wp-json\/wp\/v2\/media?parent=2574"}],"curies":[{"name":"wp","href":"https:\/\/api.w.org\/{rel}","templated":true}]}}