{"id":219,"date":"2012-03-20T09:44:13","date_gmt":"2012-03-20T08:44:13","guid":{"rendered":"http:\/\/cpmendavia.educacion.navarra.es\/web\/?page_id=219"},"modified":"2026-02-27T10:13:39","modified_gmt":"2026-02-27T09:13:39","slug":"matriculacion-2","status":"publish","type":"page","link":"https:\/\/cpmendavia.educacion.navarra.es\/web\/educa-2\/matriculacion-2\/","title":{"rendered":"Preinscripciones y matr\u00edculas"},"content":{"rendered":"<p><strong>Preinscripciones y matr\u00edculas<\/strong><\/p>\n<p>El alumnado que se incorpore por primera vez a nuestro centro deber\u00e1 realizar los tr\u00e1mites necesarios de preinscripci\u00f3n, para posteriormente formalizar la matr\u00edcula en los plazos establecidos. La informaci\u00f3n, as\u00ed como la documentaci\u00f3n necesarias para realizar la preinscripci\u00f3n se entregar\u00e1 a cada familia del Colegio de Infantil Ntra. Sra. de los Dolores. En el proceso de matr\u00edcula, la cual debe formalizar todo el alumnado que curse Primaria en nuestro centro, cumplimentar\u00e1 el impreso de matr\u00edcula con la que entregar\u00e1n la documentaci\u00f3n necesaria. Aquellas familias que quieran pertenecer a la APYMA \u201cVirgen de Legarda\u201d, pueden realizar la inscripci\u00f3n en el men\u00fa APYMA &gt; Inscripciones. Recordamos que aunque es voluntaria la inscripci\u00f3n en la Asociaci\u00f3n, todas las actividades y salidas que se realizan en el Centro est\u00e1n subvencionadas por ella.<\/p>\n<p>Os dejamos un enlace con los tr\u00e1mites para realizar las preinscripciones:<\/p>\n<p><a href=\"https:\/\/drive.google.com\/file\/d\/1rWR_M1ekMCTDPVAsMHg6sWxpIWLVVntU\/view?usp=sharing\" target=\"_blank\" rel=\"noopener\">Calendario <\/a>de preinscripciones y matr\u00edculas<\/p>\n","protected":false},"excerpt":{"rendered":"<p>Preinscripciones y matr\u00edculas El alumnado que se incorpore por primera vez a nuestro centro deber\u00e1 realizar los tr\u00e1mites necesarios de preinscripci\u00f3n, para posteriormente formalizar la matr\u00edcula en los plazos establecidos. La informaci\u00f3n, as\u00ed como la documentaci\u00f3n necesarias para realizar la &hellip; <a href=\"https:\/\/cpmendavia.educacion.navarra.es\/web\/educa-2\/matriculacion-2\/\">Sigue leyendo <span class=\"meta-nav\">&rarr;<\/span><\/a><\/p>\n","protected":false},"author":1,"featured_media":0,"parent":52,"menu_order":9,"comment_status":"open","ping_status":"open","template":"","meta":[],"_links":{"self":[{"href":"https:\/\/cpmendavia.educacion.navarra.es\/web\/wp-json\/wp\/v2\/pages\/219"}],"collection":[{"href":"https:\/\/cpmendavia.educacion.navarra.es\/web\/wp-json\/wp\/v2\/pages"}],"about":[{"href":"https:\/\/cpmendavia.educacion.navarra.es\/web\/wp-json\/wp\/v2\/types\/page"}],"author":[{"embeddable":true,"href":"https:\/\/cpmendavia.educacion.navarra.es\/web\/wp-json\/wp\/v2\/users\/1"}],"replies":[{"embeddable":true,"href":"https:\/\/cpmendavia.educacion.navarra.es\/web\/wp-json\/wp\/v2\/comments?post=219"}],"version-history":[{"count":45,"href":"https:\/\/cpmendavia.educacion.navarra.es\/web\/wp-json\/wp\/v2\/pages\/219\/revisions"}],"predecessor-version":[{"id":3418,"href":"https:\/\/cpmendavia.educacion.navarra.es\/web\/wp-json\/wp\/v2\/pages\/219\/revisions\/3418"}],"up":[{"embeddable":true,"href":"https:\/\/cpmendavia.educacion.navarra.es\/web\/wp-json\/wp\/v2\/pages\/52"}],"wp:attachment":[{"href":"https:\/\/cpmendavia.educacion.navarra.es\/web\/wp-json\/wp\/v2\/media?parent=219"}],"curies":[{"name":"wp","href":"https:\/\/api.w.org\/{rel}","templated":true}]}}