{"id":138,"date":"2012-03-09T10:09:18","date_gmt":"2012-03-09T09:09:18","guid":{"rendered":"http:\/\/cpmendavia.educacion.navarra.es\/web\/?page_id=138"},"modified":"2020-09-23T11:18:35","modified_gmt":"2020-09-23T09:18:35","slug":"alumnado","status":"publish","type":"page","link":"https:\/\/cpmendavia.educacion.navarra.es\/web\/recursos-educativos\/alumnado\/","title":{"rendered":"Alumnado"},"content":{"rendered":"<p>En esta secci\u00f3n pueden encontrar otros enlaces de inter\u00e9s para las <strong>alumnado.<\/strong><\/p>\n<p><a href=\"http:\/\/www.educacion.navarra.es\/web\/dpto\/alumnado\" target=\"_blank\" rel=\"noopener noreferrer\">Educaci\u00f3n<\/a><\/p>\n<p><a href=\"https:\/\/educa.navarra.es\/\">Educa para el alumnado<\/a><\/p>\n<p><a href=\"https:\/\/www.educacion.navarra.es\/\">Departamento de Educaci\u00f3n<\/a><\/p>\n<p><a href=\"http:\/\/www.educacion.navarra.es\/web\/dpto\/informacion\" target=\"_blank\" rel=\"noopener noreferrer\">Otra informaci\u00f3n<\/a><\/p>\n","protected":false},"excerpt":{"rendered":"<p>En esta secci\u00f3n pueden encontrar otros enlaces de inter\u00e9s para las alumnado. Educaci\u00f3n Educa para el alumnado Departamento de Educaci\u00f3n Otra informaci\u00f3n<\/p>\n","protected":false},"author":1,"featured_media":0,"parent":133,"menu_order":22,"comment_status":"open","ping_status":"open","template":"","meta":[],"_links":{"self":[{"href":"https:\/\/cpmendavia.educacion.navarra.es\/web\/wp-json\/wp\/v2\/pages\/138"}],"collection":[{"href":"https:\/\/cpmendavia.educacion.navarra.es\/web\/wp-json\/wp\/v2\/pages"}],"about":[{"href":"https:\/\/cpmendavia.educacion.navarra.es\/web\/wp-json\/wp\/v2\/types\/page"}],"author":[{"embeddable":true,"href":"https:\/\/cpmendavia.educacion.navarra.es\/web\/wp-json\/wp\/v2\/users\/1"}],"replies":[{"embeddable":true,"href":"https:\/\/cpmendavia.educacion.navarra.es\/web\/wp-json\/wp\/v2\/comments?post=138"}],"version-history":[{"count":5,"href":"https:\/\/cpmendavia.educacion.navarra.es\/web\/wp-json\/wp\/v2\/pages\/138\/revisions"}],"predecessor-version":[{"id":2551,"href":"https:\/\/cpmendavia.educacion.navarra.es\/web\/wp-json\/wp\/v2\/pages\/138\/revisions\/2551"}],"up":[{"embeddable":true,"href":"https:\/\/cpmendavia.educacion.navarra.es\/web\/wp-json\/wp\/v2\/pages\/133"}],"wp:attachment":[{"href":"https:\/\/cpmendavia.educacion.navarra.es\/web\/wp-json\/wp\/v2\/media?parent=138"}],"curies":[{"name":"wp","href":"https:\/\/api.w.org\/{rel}","templated":true}]}}