{"id":136,"date":"2012-03-09T10:08:46","date_gmt":"2012-03-09T09:08:46","guid":{"rendered":"http:\/\/cpmendavia.educacion.navarra.es\/web\/?page_id=136"},"modified":"2020-09-23T11:16:46","modified_gmt":"2020-09-23T09:16:46","slug":"padres","status":"publish","type":"page","link":"https:\/\/cpmendavia.educacion.navarra.es\/web\/recursos-educativos\/padres\/","title":{"rendered":"Familias"},"content":{"rendered":"<p style=\"text-align: justify;\">En esta secci\u00f3n pueden encontrar otros enlaces de inter\u00e9s para las <strong>familias<\/strong>.<\/p>\n<p style=\"text-align: justify;\"><a href=\"http:\/\/www.educacion.navarra.es\/web\/dpto\/familias\" target=\"_blank\" rel=\"noopener noreferrer\">Educaci\u00f3n<\/a><\/p>\n<p style=\"text-align: justify;\"><a href=\"https:\/\/educa.navarra.es\/\">Educa para las familias<\/a><\/p>\n<p style=\"text-align: justify;\"><a href=\"https:\/\/www.educacion.navarra.es\/\">Departamento de Educaci\u00f3n<\/a><\/p>\n<p style=\"text-align: justify;\"><a href=\"http:\/\/www.educacion.navarra.es\/web\/dpto\/informacion\" target=\"_blank\" rel=\"noopener noreferrer\">Otra informaci\u00f3n<\/a><\/p>\n<p style=\"text-align: justify;\">\n","protected":false},"excerpt":{"rendered":"<p>En esta secci\u00f3n pueden encontrar otros enlaces de inter\u00e9s para las familias. Educaci\u00f3n Educa para las familias Departamento de Educaci\u00f3n Otra informaci\u00f3n<\/p>\n","protected":false},"author":1,"featured_media":0,"parent":133,"menu_order":21,"comment_status":"open","ping_status":"open","template":"","meta":[],"_links":{"self":[{"href":"https:\/\/cpmendavia.educacion.navarra.es\/web\/wp-json\/wp\/v2\/pages\/136"}],"collection":[{"href":"https:\/\/cpmendavia.educacion.navarra.es\/web\/wp-json\/wp\/v2\/pages"}],"about":[{"href":"https:\/\/cpmendavia.educacion.navarra.es\/web\/wp-json\/wp\/v2\/types\/page"}],"author":[{"embeddable":true,"href":"https:\/\/cpmendavia.educacion.navarra.es\/web\/wp-json\/wp\/v2\/users\/1"}],"replies":[{"embeddable":true,"href":"https:\/\/cpmendavia.educacion.navarra.es\/web\/wp-json\/wp\/v2\/comments?post=136"}],"version-history":[{"count":7,"href":"https:\/\/cpmendavia.educacion.navarra.es\/web\/wp-json\/wp\/v2\/pages\/136\/revisions"}],"predecessor-version":[{"id":2550,"href":"https:\/\/cpmendavia.educacion.navarra.es\/web\/wp-json\/wp\/v2\/pages\/136\/revisions\/2550"}],"up":[{"embeddable":true,"href":"https:\/\/cpmendavia.educacion.navarra.es\/web\/wp-json\/wp\/v2\/pages\/133"}],"wp:attachment":[{"href":"https:\/\/cpmendavia.educacion.navarra.es\/web\/wp-json\/wp\/v2\/media?parent=136"}],"curies":[{"name":"wp","href":"https:\/\/api.w.org\/{rel}","templated":true}]}}