{"id":881,"date":"2013-06-01T16:43:32","date_gmt":"2013-06-01T16:43:32","guid":{"rendered":"http:\/\/cpmendavia.educacion.navarra.es\/web\/musica\/?page_id=881"},"modified":"2016-07-03T13:43:36","modified_gmt":"2016-07-03T13:43:36","slug":"videos-curiosos","status":"publish","type":"page","link":"https:\/\/cpmendavia.educacion.navarra.es\/web\/musica\/galeria\/videos\/videos-curiosos\/","title":{"rendered":"V\u00eddeos Curiosos"},"content":{"rendered":"<p>Aqu\u00ed os dejo un bloque donde voy a ir colgando v\u00eddeos musicales curiosos.<\/p>\n<p style=\"text-align: center;\"><a href=\"https:\/\/cpmendavia.educacion.navarra.es\/web\/musica\/files\/2013\/08\/videos.jpg\"><img loading=\"lazy\" class=\"size-full wp-image-882 aligncenter\" src=\"https:\/\/cpmendavia.educacion.navarra.es\/web\/musica\/files\/2013\/08\/videos.jpg\" alt=\"videos\" width=\"290\" height=\"174\" \/><\/a><\/p>\n<p style=\"text-align: center;\"><a href=\"https:\/\/cpmendavia.educacion.navarra.es\/web\/musica\/2014\/06\/23\/felices-vacaciones-a-todos\/musical-notes\/\"><img loading=\"lazy\" class=\"wp-image-1708 aligncenter\" src=\"https:\/\/cpmendavia.educacion.navarra.es\/web\/musica\/files\/2014\/06\/musical-notes.jpg\" alt=\"musical-notes\" width=\"432\" height=\"163\" srcset=\"https:\/\/cpmendavia.educacion.navarra.es\/web\/musica\/files\/2014\/06\/musical-notes.jpg 1920w, https:\/\/cpmendavia.educacion.navarra.es\/web\/musica\/files\/2014\/06\/musical-notes-300x113.jpg 300w, https:\/\/cpmendavia.educacion.navarra.es\/web\/musica\/files\/2014\/06\/musical-notes-768x290.jpg 768w, https:\/\/cpmendavia.educacion.navarra.es\/web\/musica\/files\/2014\/06\/musical-notes-1024x386.jpg 1024w\" sizes=\"(max-width: 432px) 100vw, 432px\" \/><\/a><\/p>\n<p style=\"text-align: center;\"><!-- [if gte mso 9]><xml>\n<w:WordDocument>\n<w:View>Normal<\/w:View>\n<w:Zoom>0<\/w:Zoom>\n<w:HyphenationZone>21<\/w:HyphenationZone>\n<w:Compatibility>\n<w:BreakWrappedTables\/>\n<w:SnapToGridInCell\/>\n<w:ApplyBreakingRules\/>\n<w:WrapTextWithPunct\/>\n<w:UseAsianBreakRules\/>\n<w:UseFELayout\/>\n<\/w:Compatibility>\n<w:BrowserLevel>MicrosoftInternetExplorer4<\/w:BrowserLevel>\n<\/w:WordDocument>\n<\/xml><![endif]--><\/p>\n<p style=\"text-align: center;\"><!-- [if gte mso 10]><\/p>\n\n\n\n\n\n<style>\n \/* Style Definitions *\/\ntable.MsoNormalTable\n{mso-style-name:\"Tabla normal\";\nmso-tstyle-rowband-size:0;\nmso-tstyle-colband-size:0;\nmso-style-noshow:yes;\nmso-style-parent:\"\";\nmso-padding-alt:0cm 5.4pt 0cm 5.4pt;\nmso-para-margin:0cm;\nmso-para-margin-bottom:.0001pt;\nmso-pagination:widow-orphan;\nfont-size:10.0pt;\nfont-family:\"Times New Roman\";\nmso-fareast-font-family:\"Times New Roman\";}\n<\/style>\n\n<![endif]--><\/p>\n<p class=\"MsoNormal\" style=\"text-align: left;\">Atenci\u00f3n<span style=\"mso-spacerun: yes;\">\u00a0 <\/span>a esta versi\u00f3n de la Traviata de Verdi con mu\u00f1ecos de plastilina.<\/p>\n<p class=\"MsoNormal\" style=\"text-align: left;\"><div class=\"embed-container\"><iframe width=\"750\" height=\"563\" src=\"https:\/\/www.youtube.com\/embed\/ldD2eKSZMWg?feature=oembed\" frameborder=\"0\" allow=\"autoplay; encrypted-media\" allowfullscreen><\/iframe><\/div><\/p>\n<p class=\"MsoNormal\" style=\"text-align: left;\"><!-- [if gte mso 9]><xml>\n<w:WordDocument>\n<w:View>Normal<\/w:View>\n<w:Zoom>0<\/w:Zoom>\n<w:HyphenationZone>21<\/w:HyphenationZone>\n<w:Compatibility>\n<w:BreakWrappedTables\/>\n<w:SnapToGridInCell\/>\n<w:ApplyBreakingRules\/>\n<w:WrapTextWithPunct\/>\n<w:UseAsianBreakRules\/>\n<w:UseFELayout\/>\n<\/w:Compatibility>\n<w:BrowserLevel>MicrosoftInternetExplorer4<\/w:BrowserLevel>\n<\/w:WordDocument>\n<\/xml><![endif]--><\/p>\n<p class=\"MsoNormal\" style=\"text-align: left;\"><!-- [if gte mso 10]><\/p>\n\n\n\n\n\n<style>\n \/* Style Definitions *\/\ntable.MsoNormalTable\n{mso-style-name:\"Tabla normal\";\nmso-tstyle-rowband-size:0;\nmso-tstyle-colband-size:0;\nmso-style-noshow:yes;\nmso-style-parent:\"\";\nmso-padding-alt:0cm 5.4pt 0cm 5.4pt;\nmso-para-margin:0cm;\nmso-para-margin-bottom:.0001pt;\nmso-pagination:widow-orphan;\nfont-size:10.0pt;\nfont-family:\"Times New Roman\";\nmso-fareast-font-family:\"Times New Roman\";}\n<\/style>\n\n<![endif]--><\/p>\n<p class=\"MsoNormal\" style=\"tab-stops: 63.0pt;\">\n<p class=\"MsoNormal\" style=\"tab-stops: 63.0pt;\"><!-- [if gte mso 9]><xml>\n<w:WordDocument>\n<w:View>Normal<\/w:View>\n<w:Zoom>0<\/w:Zoom>\n<w:HyphenationZone>21<\/w:HyphenationZone>\n<w:Compatibility>\n<w:BreakWrappedTables\/>\n<w:SnapToGridInCell\/>\n<w:ApplyBreakingRules\/>\n<w:WrapTextWithPunct\/>\n<w:UseAsianBreakRules\/>\n<w:UseFELayout\/>\n<\/w:Compatibility>\n<w:BrowserLevel>MicrosoftInternetExplorer4<\/w:BrowserLevel>\n<\/w:WordDocument>\n<\/xml><![endif]--><\/p>\n<p class=\"MsoNormal\" style=\"tab-stops: 63.0pt;\"><!-- [if gte mso 10]><\/p>\n\n\n\n\n\n<style>\n \/* Style Definitions *\/\ntable.MsoNormalTable\n{mso-style-name:\"Tabla normal\";\nmso-tstyle-rowband-size:0;\nmso-tstyle-colband-size:0;\nmso-style-noshow:yes;\nmso-style-parent:\"\";\nmso-padding-alt:0cm 5.4pt 0cm 5.4pt;\nmso-para-margin:0cm;\nmso-para-margin-bottom:.0001pt;\nmso-pagination:widow-orphan;\nfont-size:10.0pt;\nfont-family:\"Times New Roman\";\nmso-fareast-font-family:\"Times New Roman\";}\n<\/style>\n\n<![endif]--><span style=\"font-size: 12.0pt; font-family: 'Times New Roman'; mso-fareast-font-family: SimSun; mso-ansi-language: ES; mso-fareast-language: ZH-CN; mso-bidi-language: AR-SA;\">Mirad qu\u00e9 maravilla como toca este quinteto de guitarras de ni\u00f1os chinos.<\/span><\/p>\n<p class=\"MsoNormal\" style=\"tab-stops: 63.0pt;\"><!-- [if gte mso 9]><xml>\n<w:WordDocument>\n<w:View>Normal<\/w:View>\n<w:Zoom>0<\/w:Zoom>\n<w:HyphenationZone>21<\/w:HyphenationZone>\n<w:Compatibility>\n<w:BreakWrappedTables\/>\n<w:SnapToGridInCell\/>\n<w:ApplyBreakingRules\/>\n<w:WrapTextWithPunct\/>\n<w:UseAsianBreakRules\/>\n<w:UseFELayout\/>\n<\/w:Compatibility>\n<w:BrowserLevel>MicrosoftInternetExplorer4<\/w:BrowserLevel>\n<\/w:WordDocument>\n<\/xml><![endif]--><\/p>\n<p class=\"MsoNormal\" style=\"tab-stops: 63.0pt;\"><!-- [if gte mso 10]><\/p>\n\n\n\n\n\n<style>\n \/* Style Definitions *\/\ntable.MsoNormalTable\n{mso-style-name:\"Tabla normal\";\nmso-tstyle-rowband-size:0;\nmso-tstyle-colband-size:0;\nmso-style-noshow:yes;\nmso-style-parent:\"\";\nmso-padding-alt:0cm 5.4pt 0cm 5.4pt;\nmso-para-margin:0cm;\nmso-para-margin-bottom:.0001pt;\nmso-pagination:widow-orphan;\nfont-size:10.0pt;\nfont-family:\"Times New Roman\";\nmso-fareast-font-family:\"Times New Roman\";}\n<\/style>\n\n<![endif]--><\/p>\n<p class=\"MsoNormal\" style=\"tab-stops: 63.0pt;\"><div class=\"embed-container\"><iframe width=\"750\" height=\"563\" src=\"https:\/\/www.youtube.com\/embed\/yE7waNi5dc0?feature=oembed\" frameborder=\"0\" allow=\"autoplay; encrypted-media\" allowfullscreen><\/iframe><\/div><\/p>\n<p class=\"MsoNormal\" style=\"tab-stops: 63.0pt;\"><!-- [if gte mso 9]><xml>\n<w:WordDocument>\n<w:View>Normal<\/w:View>\n<w:Zoom>0<\/w:Zoom>\n<w:HyphenationZone>21<\/w:HyphenationZone>\n<w:Compatibility>\n<w:BreakWrappedTables\/>\n<w:SnapToGridInCell\/>\n<w:ApplyBreakingRules\/>\n<w:WrapTextWithPunct\/>\n<w:UseAsianBreakRules\/>\n<w:UseFELayout\/>\n<\/w:Compatibility>\n<w:BrowserLevel>MicrosoftInternetExplorer4<\/w:BrowserLevel>\n<\/w:WordDocument>\n<\/xml><![endif]--><\/p>\n<p class=\"MsoNormal\" style=\"tab-stops: 63.0pt;\"><!-- [if gte mso 10]><\/p>\n\n\n\n\n\n<style>\n \/* Style Definitions *\/\ntable.MsoNormalTable\n{mso-style-name:\"Tabla normal\";\nmso-tstyle-rowband-size:0;\nmso-tstyle-colband-size:0;\nmso-style-noshow:yes;\nmso-style-parent:\"\";\nmso-padding-alt:0cm 5.4pt 0cm 5.4pt;\nmso-para-margin:0cm;\nmso-para-margin-bottom:.0001pt;\nmso-pagination:widow-orphan;\nfont-size:10.0pt;\nfont-family:\"Times New Roman\";\nmso-fareast-font-family:\"Times New Roman\";}\n<\/style>\n\n<![endif]--><\/p>\n<p class=\"MsoNormal\" style=\"tab-stops: 63.0pt;\">Sorprendente la interpretaci\u00f3n con copas de cristal de la Tocata y fuga en re menor de J.S. Bach<\/p>\n<p class=\"MsoNormal\" style=\"tab-stops: 63.0pt;\"><div class=\"embed-container\"><iframe width=\"750\" height=\"563\" src=\"https:\/\/www.youtube.com\/embed\/XKRj-T4l-e8?feature=oembed\" frameborder=\"0\" allow=\"autoplay; encrypted-media\" allowfullscreen><\/iframe><\/div><\/p>\n<p class=\"MsoNormal\" style=\"tab-stops: 63.0pt;\">Canci\u00f3n \u00abSomebody that I used to know\u00bb versionada por el grupo Walk of the Earth<br \/>\nde una forma peculiar y con un s\u00f3lo instrumento.\u00a1Disfrutadla!<\/p>\n<p class=\"MsoNormal\" style=\"tab-stops: 63.0pt;\"><div class=\"embed-container\"><iframe width=\"750\" height=\"422\" src=\"https:\/\/www.youtube.com\/embed\/d9NF2edxy-M?feature=oembed\" frameborder=\"0\" allow=\"autoplay; encrypted-media\" allowfullscreen><\/iframe><\/div><\/p>\n<div id=\"stcpDiv\" style=\"position: absolute; top: -1999px; left: -1988px;\">grupo Walk Off the Earth<\/div>\n<p class=\"MsoNormal\" style=\"text-align: left;\">Aserej\u00e9, estilo \u00f3pera<\/p>\n<p class=\"MsoNormal\" style=\"text-align: left;\"><div class=\"embed-container\"><iframe width=\"750\" height=\"422\" src=\"https:\/\/www.youtube.com\/embed\/h8lgfCpIPy8?feature=oembed\" frameborder=\"0\" allow=\"autoplay; encrypted-media\" allowfullscreen><\/iframe><\/div><\/p>\n<p class=\"MsoNormal\" style=\"text-align: left;\">Divertido! La orquesta interpreta Microsoft Windows-el vals<\/p>\n<div class=\"embed-container\"><iframe loading=\"lazy\" width=\"750\" height=\"422\" src=\"https:\/\/www.youtube.com\/embed\/dGKwx-BFO0E?feature=oembed\" frameborder=\"0\" allow=\"autoplay; encrypted-media\" allowfullscreen><\/iframe><\/div>\n","protected":false},"excerpt":{"rendered":"<p>Aqu\u00ed os dejo un bloque donde voy a ir colgando v\u00eddeos musicales curiosos. Atenci\u00f3n\u00a0 a esta versi\u00f3n de la Traviata de Verdi con mu\u00f1ecos de plastilina. Mirad qu\u00e9 maravilla como toca este quinteto de guitarras de ni\u00f1os chinos. Sorprendente la interpretaci\u00f3n con copas de cristal de la Tocata y fuga en re menor de J.S. &hellip; <\/p>\n<p><a class=\"more-link btn\" href=\"https:\/\/cpmendavia.educacion.navarra.es\/web\/musica\/galeria\/videos\/videos-curiosos\/\">Continue reading<\/a><\/p>\n","protected":false},"author":14,"featured_media":0,"parent":289,"menu_order":0,"comment_status":"open","ping_status":"open","template":"","meta":[],"_links":{"self":[{"href":"https:\/\/cpmendavia.educacion.navarra.es\/web\/musica\/wp-json\/wp\/v2\/pages\/881"}],"collection":[{"href":"https:\/\/cpmendavia.educacion.navarra.es\/web\/musica\/wp-json\/wp\/v2\/pages"}],"about":[{"href":"https:\/\/cpmendavia.educacion.navarra.es\/web\/musica\/wp-json\/wp\/v2\/types\/page"}],"author":[{"embeddable":true,"href":"https:\/\/cpmendavia.educacion.navarra.es\/web\/musica\/wp-json\/wp\/v2\/users\/14"}],"replies":[{"embeddable":true,"href":"https:\/\/cpmendavia.educacion.navarra.es\/web\/musica\/wp-json\/wp\/v2\/comments?post=881"}],"version-history":[{"count":15,"href":"https:\/\/cpmendavia.educacion.navarra.es\/web\/musica\/wp-json\/wp\/v2\/pages\/881\/revisions"}],"predecessor-version":[{"id":1752,"href":"https:\/\/cpmendavia.educacion.navarra.es\/web\/musica\/wp-json\/wp\/v2\/pages\/881\/revisions\/1752"}],"up":[{"embeddable":true,"href":"https:\/\/cpmendavia.educacion.navarra.es\/web\/musica\/wp-json\/wp\/v2\/pages\/289"}],"wp:attachment":[{"href":"https:\/\/cpmendavia.educacion.navarra.es\/web\/musica\/wp-json\/wp\/v2\/media?parent=881"}],"curies":[{"name":"wp","href":"https:\/\/api.w.org\/{rel}","templated":true}]}}