{"id":7,"date":"2012-09-29T16:53:59","date_gmt":"2012-09-29T16:53:59","guid":{"rendered":"http:\/\/aliciamusica.wordpress.com\/?page_id=2"},"modified":"2013-01-01T13:05:07","modified_gmt":"2013-01-01T13:05:07","slug":"about","status":"publish","type":"page","link":"https:\/\/cpmendavia.educacion.navarra.es\/web\/musica\/about\/","title":{"rendered":"1\u00ba CURSO"},"content":{"rendered":"<div><\/div>\n<div>En esta p\u00e1gina v\u00e1is a encontrar recursos que utilizamos en clase: canciones,<\/div>\n<div>audiciones, v\u00eddeos, bases instrumentales&#8230;<\/div>\n<div>Espero que os gusten:<\/div>\n<div><\/div>\n<div><a title=\"Recursos\" href=\"https:\/\/cpmendavia.educacion.navarra.es\/web\/musica\/about\/recursos\/\" rel=\"attachment wp-att-336\"><img loading=\"lazy\" class=\"alignnone size-full wp-image-336\" alt=\"Musica\" src=\"https:\/\/cpmendavia.educacion.navarra.es\/web\/musica\/files\/2012\/09\/Musica.jpg\" width=\"142\" height=\"152\" \/><\/a><\/div>\n<div><strong>\u00a0<\/strong><\/div>\n<p>&nbsp;<\/p>\n<p><strong>\u00a0<\/strong><\/p>\n<p>&nbsp;<\/p>\n<p>&nbsp;<\/p>\n<p>&nbsp;<\/p>\n<p>&nbsp;<\/p>\n<p>&nbsp;<\/p>\n<p>&nbsp;<\/p>\n<p>&nbsp;<\/p>\n<p>&nbsp;<\/p>\n<p>&nbsp;<\/p>\n<p>&nbsp;<\/p>\n<p>&nbsp;<\/p>\n<p>&nbsp;<\/p>\n<p>&nbsp;<\/p>\n<p>&nbsp;<\/p>\n<p>&nbsp;<\/p>\n<p>&nbsp;<\/p>\n<p>&nbsp;<\/p>\n<p>CANCIONES PARA TODOS<\/p>\n<p>En esta p\u00e1gina encontrar\u00e9is canciones, audiciones y videos que vamos<\/p>\n<p>a trabajar en clase y otras muchas que pueden ser de vuestro inter\u00e9s.<\/p>\n<p>\u00a1\u00c1nimo y a disfrutar!<\/p>\n<p>&nbsp;<\/p>\n<p>&nbsp;<\/p>\n","protected":false},"excerpt":{"rendered":"<p>En esta p\u00e1gina v\u00e1is a encontrar recursos que utilizamos en clase: canciones, audiciones, v\u00eddeos, bases instrumentales&#8230; Espero que os gusten: \u00a0 &nbsp; \u00a0 &nbsp; &nbsp; &nbsp; &nbsp; &nbsp; &nbsp; &nbsp; &nbsp; &nbsp; &nbsp; &nbsp; &nbsp; &nbsp; &nbsp; &nbsp; &nbsp; &nbsp; CANCIONES PARA TODOS En esta p\u00e1gina encontrar\u00e9is canciones, audiciones y videos que vamos a trabajar &hellip; <\/p>\n<p><a class=\"more-link btn\" href=\"https:\/\/cpmendavia.educacion.navarra.es\/web\/musica\/about\/\">Continue reading<\/a><\/p>\n","protected":false},"author":14,"featured_media":0,"parent":0,"menu_order":0,"comment_status":"open","ping_status":"open","template":"","meta":[],"_links":{"self":[{"href":"https:\/\/cpmendavia.educacion.navarra.es\/web\/musica\/wp-json\/wp\/v2\/pages\/7"}],"collection":[{"href":"https:\/\/cpmendavia.educacion.navarra.es\/web\/musica\/wp-json\/wp\/v2\/pages"}],"about":[{"href":"https:\/\/cpmendavia.educacion.navarra.es\/web\/musica\/wp-json\/wp\/v2\/types\/page"}],"author":[{"embeddable":true,"href":"https:\/\/cpmendavia.educacion.navarra.es\/web\/musica\/wp-json\/wp\/v2\/users\/14"}],"replies":[{"embeddable":true,"href":"https:\/\/cpmendavia.educacion.navarra.es\/web\/musica\/wp-json\/wp\/v2\/comments?post=7"}],"version-history":[{"count":6,"href":"https:\/\/cpmendavia.educacion.navarra.es\/web\/musica\/wp-json\/wp\/v2\/pages\/7\/revisions"}],"predecessor-version":[{"id":356,"href":"https:\/\/cpmendavia.educacion.navarra.es\/web\/musica\/wp-json\/wp\/v2\/pages\/7\/revisions\/356"}],"wp:attachment":[{"href":"https:\/\/cpmendavia.educacion.navarra.es\/web\/musica\/wp-json\/wp\/v2\/media?parent=7"}],"curies":[{"name":"wp","href":"https:\/\/api.w.org\/{rel}","templated":true}]}}