{"id":410,"date":"2013-01-03T21:05:22","date_gmt":"2013-01-03T21:05:22","guid":{"rendered":"http:\/\/cpmendavia.educacion.navarra.es\/web\/musica\/?page_id=410"},"modified":"2014-06-09T16:15:02","modified_gmt":"2014-06-09T16:15:02","slug":"recursos","status":"publish","type":"page","link":"https:\/\/cpmendavia.educacion.navarra.es\/web\/musica\/5o-curso\/recursos\/","title":{"rendered":"Recursos"},"content":{"rendered":"<p><a href=\"http:\/\/dl5.dropbox.com\/u\/286412\/curso%202009-10\/estilos%20infantil.swf\">Juego: Encontrad sonidos<\/a><\/p>\n<p><a href=\"http:\/\/inerciatest.com.ar\/aprender\/instrumentos.html\">Juego: Pon a prueba tu capacidad auditiva<\/a><\/p>\n<p><a href=\"http:\/\/dl5.dropbox.com\/u\/286412\/curso%202009-10\/instrumentos.swf\">Juego: Pon a prueba tu o\u00eddo<\/a><\/p>\n<p><a href=\"http:\/\/www.educa.jcyl.es\/educacyl\/cm\/gallery\/Recursos%20Boecillo\/musica\/carabela3\/menu.htm\">Juego: La carabela musical<\/a><\/p>\n<p><a href=\" http:\/\/dl.dropboxusercontent.com\/u\/5213173\/tallerjuegos\/pasaaieinst\/pasaaieins.html\">Pasapalabra<\/a><\/p>\n<p><a href=\"http:\/\/app.teachergaming.net\/g\/1\/3\/5136\">Juego: Clasificaci\u00f3n instrumentos musicales<\/a><\/p>\n<p>&nbsp;<\/p>\n<p>V\u00eddeos curiosos de instrumentos de cuerda.<\/p>\n<div class=\"embed-container\"><iframe width=\"750\" height=\"422\" src=\"https:\/\/www.youtube.com\/embed\/0VqTwnAuHws?start=48&feature=oembed\" frameborder=\"0\" allow=\"autoplay; encrypted-media\" allowfullscreen><\/iframe><\/div>\n<p>&nbsp;<\/p>\n<div class=\"embed-container\"><iframe width=\"750\" height=\"563\" src=\"https:\/\/www.youtube.com\/embed\/12Wg-S1MZG0?feature=oembed\" frameborder=\"0\" allow=\"autoplay; encrypted-media\" allowfullscreen><\/iframe><\/div>\n<p>&nbsp;<\/p>\n<div class=\"embed-container\"><iframe width=\"750\" height=\"563\" src=\"https:\/\/www.youtube.com\/embed\/4er9XjsrBtw?feature=oembed\" frameborder=\"0\" allow=\"autoplay; encrypted-media\" allowfullscreen><\/iframe><\/div>\n<p>&nbsp;<\/p>\n<p>&nbsp;<\/p>\n<p>&nbsp;<\/p>\n<p>&nbsp;<\/p>\n<p>&nbsp;<\/p>\n<p>&nbsp;<\/p>\n<p>&nbsp;<\/p>\n","protected":false},"excerpt":{"rendered":"<p>Juego: Encontrad sonidos Juego: Pon a prueba tu capacidad auditiva Juego: Pon a prueba tu o\u00eddo Juego: La carabela musical Pasapalabra Juego: Clasificaci\u00f3n instrumentos musicales &nbsp; V\u00eddeos curiosos de instrumentos de cuerda. &nbsp; &nbsp; &nbsp; &nbsp; &nbsp; &nbsp; &nbsp; &nbsp; &nbsp;<\/p>\n","protected":false},"author":14,"featured_media":0,"parent":263,"menu_order":0,"comment_status":"open","ping_status":"open","template":"","meta":[],"_links":{"self":[{"href":"https:\/\/cpmendavia.educacion.navarra.es\/web\/musica\/wp-json\/wp\/v2\/pages\/410"}],"collection":[{"href":"https:\/\/cpmendavia.educacion.navarra.es\/web\/musica\/wp-json\/wp\/v2\/pages"}],"about":[{"href":"https:\/\/cpmendavia.educacion.navarra.es\/web\/musica\/wp-json\/wp\/v2\/types\/page"}],"author":[{"embeddable":true,"href":"https:\/\/cpmendavia.educacion.navarra.es\/web\/musica\/wp-json\/wp\/v2\/users\/14"}],"replies":[{"embeddable":true,"href":"https:\/\/cpmendavia.educacion.navarra.es\/web\/musica\/wp-json\/wp\/v2\/comments?post=410"}],"version-history":[{"count":12,"href":"https:\/\/cpmendavia.educacion.navarra.es\/web\/musica\/wp-json\/wp\/v2\/pages\/410\/revisions"}],"predecessor-version":[{"id":1271,"href":"https:\/\/cpmendavia.educacion.navarra.es\/web\/musica\/wp-json\/wp\/v2\/pages\/410\/revisions\/1271"}],"up":[{"embeddable":true,"href":"https:\/\/cpmendavia.educacion.navarra.es\/web\/musica\/wp-json\/wp\/v2\/pages\/263"}],"wp:attachment":[{"href":"https:\/\/cpmendavia.educacion.navarra.es\/web\/musica\/wp-json\/wp\/v2\/media?parent=410"}],"curies":[{"name":"wp","href":"https:\/\/api.w.org\/{rel}","templated":true}]}}