{"id":305,"date":"2012-12-27T09:32:30","date_gmt":"2012-12-27T09:32:30","guid":{"rendered":"http:\/\/blogsfad.educacion.navarra.es\/16584460b\/?page_id=305"},"modified":"2013-01-06T12:17:46","modified_gmt":"2013-01-06T12:17:46","slug":"2o-curso","status":"publish","type":"page","link":"https:\/\/cpmendavia.educacion.navarra.es\/web\/musica\/2o-curso\/","title":{"rendered":"2\u00ba CURSO"},"content":{"rendered":"<div><\/div>\n<div>En esta p\u00e1gina v\u00e1is a encontrar recursos que utilizamos en clase: canciones,<\/div>\n<div>audiciones, v\u00eddeos, bases instrumentales&#8230;<\/div>\n<div>Espero que os gusten:<\/div>\n<div>\u00a0<a title=\"Recursos\" href=\"https:\/\/cpmendavia.educacion.navarra.es\/web\/musica\/2o-curso\/recursos\/\" rel=\"attachment wp-att-336\"><img loading=\"lazy\" class=\"alignnone size-full wp-image-336\" alt=\"Musica\" src=\"https:\/\/cpmendavia.educacion.navarra.es\/web\/musica\/files\/2012\/09\/Musica.jpg\" width=\"142\" height=\"152\" \/><\/a><\/div>\n<p>&nbsp;<\/p>\n<p>&nbsp;<\/p>\n<p>&nbsp;<\/p>\n<p>&nbsp;<\/p>\n<p>&nbsp;<\/p>\n","protected":false},"excerpt":{"rendered":"<p>En esta p\u00e1gina v\u00e1is a encontrar recursos que utilizamos en clase: canciones, audiciones, v\u00eddeos, bases instrumentales&#8230; Espero que os gusten: \u00a0 &nbsp; &nbsp; &nbsp; &nbsp; &nbsp;<\/p>\n","protected":false},"author":14,"featured_media":0,"parent":0,"menu_order":0,"comment_status":"open","ping_status":"open","template":"","meta":[],"_links":{"self":[{"href":"https:\/\/cpmendavia.educacion.navarra.es\/web\/musica\/wp-json\/wp\/v2\/pages\/305"}],"collection":[{"href":"https:\/\/cpmendavia.educacion.navarra.es\/web\/musica\/wp-json\/wp\/v2\/pages"}],"about":[{"href":"https:\/\/cpmendavia.educacion.navarra.es\/web\/musica\/wp-json\/wp\/v2\/types\/page"}],"author":[{"embeddable":true,"href":"https:\/\/cpmendavia.educacion.navarra.es\/web\/musica\/wp-json\/wp\/v2\/users\/14"}],"replies":[{"embeddable":true,"href":"https:\/\/cpmendavia.educacion.navarra.es\/web\/musica\/wp-json\/wp\/v2\/comments?post=305"}],"version-history":[{"count":13,"href":"https:\/\/cpmendavia.educacion.navarra.es\/web\/musica\/wp-json\/wp\/v2\/pages\/305\/revisions"}],"predecessor-version":[{"id":475,"href":"https:\/\/cpmendavia.educacion.navarra.es\/web\/musica\/wp-json\/wp\/v2\/pages\/305\/revisions\/475"}],"wp:attachment":[{"href":"https:\/\/cpmendavia.educacion.navarra.es\/web\/musica\/wp-json\/wp\/v2\/media?parent=305"}],"curies":[{"name":"wp","href":"https:\/\/api.w.org\/{rel}","templated":true}]}}