{"id":264,"date":"2012-12-16T09:33:41","date_gmt":"2012-12-16T09:33:41","guid":{"rendered":"http:\/\/blogsfad.educacion.navarra.es\/16584460b\/?page_id=264"},"modified":"2013-01-07T21:05:48","modified_gmt":"2013-01-07T21:05:48","slug":"6o-curso","status":"publish","type":"page","link":"https:\/\/cpmendavia.educacion.navarra.es\/web\/musica\/6o-curso\/","title":{"rendered":"6\u00ba CURSO"},"content":{"rendered":"<div>En esta p\u00e1gina v\u00e1is a encontrar recursos que utilizamos en clase: canciones,<\/div>\n<div>audiciones, v\u00eddeos, bases instrumentales&#8230;<\/div>\n<div>Espero que os gusten:<\/div>\n<div>\u00a0<a title=\"Recursos\" href=\"https:\/\/cpmendavia.educacion.navarra.es\/web\/musica\/6o-curso\/recursos\/\" rel=\"attachment wp-att-336\"><img loading=\"lazy\" class=\"alignnone size-full wp-image-336\" alt=\"Musica\" src=\"https:\/\/cpmendavia.educacion.navarra.es\/web\/musica\/files\/2012\/09\/Musica.jpg\" width=\"142\" height=\"152\" \/><\/a><\/div>\n","protected":false},"excerpt":{"rendered":"<p>En esta p\u00e1gina v\u00e1is a encontrar recursos que utilizamos en clase: canciones, audiciones, v\u00eddeos, bases instrumentales&#8230; Espero que os gusten: \u00a0<\/p>\n","protected":false},"author":14,"featured_media":0,"parent":0,"menu_order":0,"comment_status":"open","ping_status":"open","template":"","meta":[],"_links":{"self":[{"href":"https:\/\/cpmendavia.educacion.navarra.es\/web\/musica\/wp-json\/wp\/v2\/pages\/264"}],"collection":[{"href":"https:\/\/cpmendavia.educacion.navarra.es\/web\/musica\/wp-json\/wp\/v2\/pages"}],"about":[{"href":"https:\/\/cpmendavia.educacion.navarra.es\/web\/musica\/wp-json\/wp\/v2\/types\/page"}],"author":[{"embeddable":true,"href":"https:\/\/cpmendavia.educacion.navarra.es\/web\/musica\/wp-json\/wp\/v2\/users\/14"}],"replies":[{"embeddable":true,"href":"https:\/\/cpmendavia.educacion.navarra.es\/web\/musica\/wp-json\/wp\/v2\/comments?post=264"}],"version-history":[{"count":2,"href":"https:\/\/cpmendavia.educacion.navarra.es\/web\/musica\/wp-json\/wp\/v2\/pages\/264\/revisions"}],"predecessor-version":[{"id":503,"href":"https:\/\/cpmendavia.educacion.navarra.es\/web\/musica\/wp-json\/wp\/v2\/pages\/264\/revisions\/503"}],"wp:attachment":[{"href":"https:\/\/cpmendavia.educacion.navarra.es\/web\/musica\/wp-json\/wp\/v2\/media?parent=264"}],"curies":[{"name":"wp","href":"https:\/\/api.w.org\/{rel}","templated":true}]}}