{"id":261,"date":"2012-12-16T09:32:24","date_gmt":"2012-12-16T09:32:24","guid":{"rendered":"http:\/\/blogsfad.educacion.navarra.es\/16584460b\/?page_id=261"},"modified":"2013-01-01T18:35:15","modified_gmt":"2013-01-01T18:35:15","slug":"3o-curso","status":"publish","type":"page","link":"https:\/\/cpmendavia.educacion.navarra.es\/web\/musica\/3o-curso\/","title":{"rendered":"3\u00ba CURSO"},"content":{"rendered":"<div><\/div>\n<div>En esta p\u00e1gina v\u00e1is a encontrar recursos que utilizamos en clase: canciones,<\/div>\n<div>audiciones, v\u00eddeos, bases instrumentales&#8230;<\/div>\n<div>Espero que os gusten:<\/div>\n<div><a title=\"Recursos\" href=\"https:\/\/cpmendavia.educacion.navarra.es\/web\/musica\/3o-curso\/recursos\/\" rel=\"attachment wp-att-335\"><img loading=\"lazy\" class=\"alignnone size-full wp-image-335\" alt=\"mundo_musical\" src=\"https:\/\/cpmendavia.educacion.navarra.es\/web\/musica\/files\/2012\/09\/mundo_musical.jpg\" width=\"151\" height=\"171\" \/><\/a><\/div>\n","protected":false},"excerpt":{"rendered":"<p>En esta p\u00e1gina v\u00e1is a encontrar recursos que utilizamos en clase: canciones, audiciones, v\u00eddeos, bases instrumentales&#8230; Espero que os gusten:<\/p>\n","protected":false},"author":14,"featured_media":0,"parent":0,"menu_order":0,"comment_status":"open","ping_status":"open","template":"","meta":[],"_links":{"self":[{"href":"https:\/\/cpmendavia.educacion.navarra.es\/web\/musica\/wp-json\/wp\/v2\/pages\/261"}],"collection":[{"href":"https:\/\/cpmendavia.educacion.navarra.es\/web\/musica\/wp-json\/wp\/v2\/pages"}],"about":[{"href":"https:\/\/cpmendavia.educacion.navarra.es\/web\/musica\/wp-json\/wp\/v2\/types\/page"}],"author":[{"embeddable":true,"href":"https:\/\/cpmendavia.educacion.navarra.es\/web\/musica\/wp-json\/wp\/v2\/users\/14"}],"replies":[{"embeddable":true,"href":"https:\/\/cpmendavia.educacion.navarra.es\/web\/musica\/wp-json\/wp\/v2\/comments?post=261"}],"version-history":[{"count":3,"href":"https:\/\/cpmendavia.educacion.navarra.es\/web\/musica\/wp-json\/wp\/v2\/pages\/261\/revisions"}],"predecessor-version":[{"id":377,"href":"https:\/\/cpmendavia.educacion.navarra.es\/web\/musica\/wp-json\/wp\/v2\/pages\/261\/revisions\/377"}],"wp:attachment":[{"href":"https:\/\/cpmendavia.educacion.navarra.es\/web\/musica\/wp-json\/wp\/v2\/media?parent=261"}],"curies":[{"name":"wp","href":"https:\/\/api.w.org\/{rel}","templated":true}]}}