{"id":636,"date":"2019-03-21T19:02:14","date_gmt":"2019-03-21T19:02:14","guid":{"rendered":"http:\/\/cpmendavia.educacion.navarra.es\/web\/ciclo1\/?page_id=636"},"modified":"2019-05-12T20:16:12","modified_gmt":"2019-05-12T20:16:12","slug":"estrategias-lectoras-y-produccion-de-textos","status":"publish","type":"page","link":"https:\/\/cpmendavia.educacion.navarra.es\/web\/ciclo1\/estrategias-lectoras-y-produccion-de-textos\/","title":{"rendered":"ESTRATEGIAS LECTORAS Y PRODUCCI\u00d3N DE TEXTOS 2\u00ba"},"content":{"rendered":"<p>&nbsp;<\/p>\n<p style=\"text-align: right;\"><strong>Publicado por:\u00a0 Alicia<\/strong><\/p>\n<p style=\"text-align: center;\"><a href=\"http:\/\/ntic.educacion.es\/w3\/eos\/MaterialesEducativos\/mem2008\/escrilandia\/programa\/index.html\"><span style=\"color: #3366ff;\"><strong>ESCRILANDIA: EL MUNDO DE LOS ESCRITORES<\/strong><\/span><\/a><\/p>\n<p>&nbsp;<\/p>\n<p><a href=\"http:\/\/ntic.educacion.es\/w3\/eos\/MaterialesEducativos\/mem2008\/escrilandia\/programa\/index.html\"><img loading=\"lazy\" class=\"aligncenter wp-image-637 size-full\" src=\"https:\/\/cpmendavia.educacion.navarra.es\/web\/ciclo1\/files\/2019\/03\/escrilandia.png\" alt=\"\" width=\"1085\" height=\"694\" srcset=\"https:\/\/cpmendavia.educacion.navarra.es\/web\/ciclo1\/files\/2019\/03\/escrilandia.png 1085w, https:\/\/cpmendavia.educacion.navarra.es\/web\/ciclo1\/files\/2019\/03\/escrilandia-300x192.png 300w, https:\/\/cpmendavia.educacion.navarra.es\/web\/ciclo1\/files\/2019\/03\/escrilandia-768x491.png 768w, https:\/\/cpmendavia.educacion.navarra.es\/web\/ciclo1\/files\/2019\/03\/escrilandia-1024x655.png 1024w\" sizes=\"(max-width: 1085px) 100vw, 1085px\" \/><\/a><\/p>\n<p style=\"text-align: center;\">\n<p style=\"text-align: center;\"><a href=\"http:\/\/contenidos.educarex.es\/mci\/2007\/29\/\"><strong><span style=\"color: #3366ff;\">PARCH\u00cdS ORTOGR\u00c1FICO<\/span><\/strong><\/a><\/p>\n<p>&nbsp;<\/p>\n<p style=\"text-align: center;\"><a href=\"http:\/\/www.educa.jcyl.es\/educacyl\/cm\/gallery\/recursos_edebe\/Lengua\/2C\/1_2_0_6_162\/flash.htm?numrecurso=1\"><span style=\"color: #3366ff;\"><strong>EL ORDENAMOS EL CUENTO<\/strong><\/span><img loading=\"lazy\" class=\"aligncenter wp-image-717 size-full\" src=\"https:\/\/cpmendavia.educacion.navarra.es\/web\/ciclo1\/files\/2019\/03\/d.png\" alt=\"\" width=\"799\" height=\"593\" srcset=\"https:\/\/cpmendavia.educacion.navarra.es\/web\/ciclo1\/files\/2019\/03\/d.png 799w, https:\/\/cpmendavia.educacion.navarra.es\/web\/ciclo1\/files\/2019\/03\/d-300x223.png 300w, https:\/\/cpmendavia.educacion.navarra.es\/web\/ciclo1\/files\/2019\/03\/d-768x570.png 768w\" sizes=\"(max-width: 799px) 100vw, 799px\" \/><\/a><\/p>\n<p style=\"text-align: center;\"><a href=\"http:\/\/educalim.com\/biblioteca\/delia\/libro.html\"><span style=\"color: #3366ff;\"><strong>CUENTO: EL PEZ ARCO IRIS<\/strong><\/span><img loading=\"lazy\" class=\"aligncenter wp-image-720 size-full\" src=\"https:\/\/cpmendavia.educacion.navarra.es\/web\/ciclo1\/files\/2019\/03\/h.png\" alt=\"\" width=\"1214\" height=\"697\" srcset=\"https:\/\/cpmendavia.educacion.navarra.es\/web\/ciclo1\/files\/2019\/03\/h.png 1214w, https:\/\/cpmendavia.educacion.navarra.es\/web\/ciclo1\/files\/2019\/03\/h-300x172.png 300w, https:\/\/cpmendavia.educacion.navarra.es\/web\/ciclo1\/files\/2019\/03\/h-768x441.png 768w, https:\/\/cpmendavia.educacion.navarra.es\/web\/ciclo1\/files\/2019\/03\/h-1024x588.png 1024w\" sizes=\"(max-width: 1214px) 100vw, 1214px\" \/><\/a><\/p>\n<p style=\"text-align: center;\"><a href=\"https:\/\/www.edu.xunta.es\/espazoAbalar\/sites\/espazoAbalar\/files\/datos\/1285151814\/contido\/index.html\"><strong><span style=\"color: #3366ff;\">LOS MEDIOS DE COMUNICACI\u00d3N<\/span><\/strong><img loading=\"lazy\" class=\"aligncenter wp-image-722 size-full\" src=\"https:\/\/cpmendavia.educacion.navarra.es\/web\/ciclo1\/files\/2019\/03\/tt.png\" alt=\"\" width=\"1216\" height=\"728\" srcset=\"https:\/\/cpmendavia.educacion.navarra.es\/web\/ciclo1\/files\/2019\/03\/tt.png 1216w, https:\/\/cpmendavia.educacion.navarra.es\/web\/ciclo1\/files\/2019\/03\/tt-300x180.png 300w, https:\/\/cpmendavia.educacion.navarra.es\/web\/ciclo1\/files\/2019\/03\/tt-768x460.png 768w, https:\/\/cpmendavia.educacion.navarra.es\/web\/ciclo1\/files\/2019\/03\/tt-1024x613.png 1024w\" sizes=\"(max-width: 1216px) 100vw, 1216px\" \/><\/a><\/p>\n<p style=\"text-align: center;\"><a href=\"https:\/\/lessons.e-learningforkids.org\/efk\/Courses\/ES\/L0701\/index.html\"><span style=\"color: #3366ff;\"><strong>LAS AVENTURAS DEL MAGO LEXIS<\/strong><\/span><\/a><\/p>\n<p><a href=\"https:\/\/lessons.e-learningforkids.org\/efk\/Courses\/ES\/L0701\/index.html\"><img loading=\"lazy\" class=\"aligncenter wp-image-706 size-full\" src=\"https:\/\/cpmendavia.educacion.navarra.es\/web\/ciclo1\/files\/2019\/03\/s.png\" alt=\"\" width=\"643\" height=\"465\" srcset=\"https:\/\/cpmendavia.educacion.navarra.es\/web\/ciclo1\/files\/2019\/03\/s.png 643w, https:\/\/cpmendavia.educacion.navarra.es\/web\/ciclo1\/files\/2019\/03\/s-300x217.png 300w\" sizes=\"(max-width: 643px) 100vw, 643px\" \/><\/a><\/p>\n<p>&nbsp;<\/p>\n<p style=\"text-align: center;\"><a href=\"http:\/\/www.educa.jcyl.es\/educacyl\/cm\/gallery\/Recursos%20Infinity\/aplicaciones\/12_pasatiempos_primaria\/actividades\/clasifica\/index.html\"><strong><span style=\"color: #3366ff;\">PASATIEMPOS<\/span><\/strong><\/a><\/p>\n<p><a href=\"http:\/\/www.educa.jcyl.es\/educacyl\/cm\/gallery\/Recursos%20Infinity\/aplicaciones\/12_pasatiempos_primaria\/actividades\/clasifica\/index.html\"><img loading=\"lazy\" class=\"aligncenter wp-image-733 size-full\" src=\"https:\/\/cpmendavia.educacion.navarra.es\/web\/ciclo1\/files\/2019\/03\/Pasatiempos.png\" alt=\"\" width=\"1041\" height=\"659\" srcset=\"https:\/\/cpmendavia.educacion.navarra.es\/web\/ciclo1\/files\/2019\/03\/Pasatiempos.png 1041w, https:\/\/cpmendavia.educacion.navarra.es\/web\/ciclo1\/files\/2019\/03\/Pasatiempos-300x190.png 300w, https:\/\/cpmendavia.educacion.navarra.es\/web\/ciclo1\/files\/2019\/03\/Pasatiempos-768x486.png 768w, https:\/\/cpmendavia.educacion.navarra.es\/web\/ciclo1\/files\/2019\/03\/Pasatiempos-1024x648.png 1024w\" sizes=\"(max-width: 1041px) 100vw, 1041px\" \/><\/a><\/p>\n<p>&nbsp;<\/p>\n<p style=\"text-align: center;\"><a href=\"http:\/\/www.educa.jcyl.es\/educacyl\/cm\/gallery\/Recursos%20Infinity\/juegos\/arcade\/puzzle\/puzzle.html\"><strong><span style=\"color: #3366ff;\">QU\u00c9 L\u00cdO DE PUZZLE<\/span><\/strong><\/a><\/p>\n<p><a href=\"http:\/\/www.educa.jcyl.es\/educacyl\/cm\/gallery\/Recursos%20Infinity\/juegos\/arcade\/puzzle\/puzzle.html\"><img loading=\"lazy\" class=\"wp-image-734 size-full aligncenter\" src=\"https:\/\/cpmendavia.educacion.navarra.es\/web\/ciclo1\/files\/2019\/03\/puzzle.png\" alt=\"\" width=\"689\" height=\"455\" srcset=\"https:\/\/cpmendavia.educacion.navarra.es\/web\/ciclo1\/files\/2019\/03\/puzzle.png 689w, https:\/\/cpmendavia.educacion.navarra.es\/web\/ciclo1\/files\/2019\/03\/puzzle-300x198.png 300w\" sizes=\"(max-width: 689px) 100vw, 689px\" \/><\/a><\/p>\n<p>&nbsp;<\/p>\n<p style=\"text-align: center;\"><a href=\"http:\/\/www.educa.jcyl.es\/educacyl\/cm\/gallery\/Recursos%20Infinity\/aplicaciones\/12_hawaii_connection\/index.html\"><strong>JUEGOS EDUCATIVOS<\/strong><\/a><\/p>\n<p>&nbsp;<\/p>\n<p><a href=\"http:\/\/www.educa.jcyl.es\/educacyl\/cm\/gallery\/Recursos%20Infinity\/aplicaciones\/12_hawaii_connection\/index.html\"><img loading=\"lazy\" class=\"aligncenter wp-image-737 size-full\" src=\"https:\/\/cpmendavia.educacion.navarra.es\/web\/ciclo1\/files\/2019\/03\/juegos-educativos.png\" alt=\"\" width=\"1214\" height=\"540\" srcset=\"https:\/\/cpmendavia.educacion.navarra.es\/web\/ciclo1\/files\/2019\/03\/juegos-educativos.png 1214w, https:\/\/cpmendavia.educacion.navarra.es\/web\/ciclo1\/files\/2019\/03\/juegos-educativos-300x133.png 300w, https:\/\/cpmendavia.educacion.navarra.es\/web\/ciclo1\/files\/2019\/03\/juegos-educativos-768x342.png 768w, https:\/\/cpmendavia.educacion.navarra.es\/web\/ciclo1\/files\/2019\/03\/juegos-educativos-1024x455.png 1024w\" sizes=\"(max-width: 1214px) 100vw, 1214px\" \/><\/a><\/p>\n","protected":false},"excerpt":{"rendered":"<p>&nbsp; Publicado por:\u00a0 Alicia ESCRILANDIA: EL MUNDO DE LOS ESCRITORES &nbsp; PARCH\u00cdS ORTOGR\u00c1FICO &nbsp; EL ORDENAMOS EL CUENTO CUENTO: EL PEZ ARCO IRIS LOS MEDIOS DE COMUNICACI\u00d3N LAS AVENTURAS DEL MAGO LEXIS &nbsp; PASATIEMPOS &nbsp; QU\u00c9 L\u00cdO DE PUZZLE &nbsp; JUEGOS EDUCATIVOS &nbsp;<\/p>\n","protected":false},"author":11,"featured_media":0,"parent":0,"menu_order":0,"comment_status":"closed","ping_status":"closed","template":"","meta":[],"_links":{"self":[{"href":"https:\/\/cpmendavia.educacion.navarra.es\/web\/ciclo1\/wp-json\/wp\/v2\/pages\/636"}],"collection":[{"href":"https:\/\/cpmendavia.educacion.navarra.es\/web\/ciclo1\/wp-json\/wp\/v2\/pages"}],"about":[{"href":"https:\/\/cpmendavia.educacion.navarra.es\/web\/ciclo1\/wp-json\/wp\/v2\/types\/page"}],"author":[{"embeddable":true,"href":"https:\/\/cpmendavia.educacion.navarra.es\/web\/ciclo1\/wp-json\/wp\/v2\/users\/11"}],"replies":[{"embeddable":true,"href":"https:\/\/cpmendavia.educacion.navarra.es\/web\/ciclo1\/wp-json\/wp\/v2\/comments?post=636"}],"version-history":[{"count":20,"href":"https:\/\/cpmendavia.educacion.navarra.es\/web\/ciclo1\/wp-json\/wp\/v2\/pages\/636\/revisions"}],"predecessor-version":[{"id":762,"href":"https:\/\/cpmendavia.educacion.navarra.es\/web\/ciclo1\/wp-json\/wp\/v2\/pages\/636\/revisions\/762"}],"wp:attachment":[{"href":"https:\/\/cpmendavia.educacion.navarra.es\/web\/ciclo1\/wp-json\/wp\/v2\/media?parent=636"}],"curies":[{"name":"wp","href":"https:\/\/api.w.org\/{rel}","templated":true}]}}