{"id":504,"date":"2019-03-18T18:46:30","date_gmt":"2019-03-18T18:46:30","guid":{"rendered":"http:\/\/cpmendavia.educacion.navarra.es\/web\/ciclo1\/?page_id=504"},"modified":"2019-06-16T18:01:27","modified_gmt":"2019-06-16T18:01:27","slug":"recursos-2o","status":"publish","type":"page","link":"https:\/\/cpmendavia.educacion.navarra.es\/web\/ciclo1\/recursos-2o\/","title":{"rendered":"LENGUA 2\u00ba"},"content":{"rendered":"<p>&nbsp;<\/p>\n<p style=\"text-align: right;\"><strong>Publicado por: Alicia<\/strong><\/p>\n<p style=\"text-align: center;\"><strong><span style=\"color: #3366ff;\"><a href=\"http:\/\/ntic.educacion.es\/w3\/eos\/MaterialesEducativos\/mem2008\/escrilandia\/programa\/index.html\">ESCRILANDIA<\/a><\/span><\/strong><a href=\"http:\/\/ntic.educacion.es\/w3\/eos\/MaterialesEducativos\/mem2008\/escrilandia\/programa\/index.html\"><img loading=\"lazy\" class=\"aligncenter wp-image-637 size-full\" src=\"https:\/\/cpmendavia.educacion.navarra.es\/web\/ciclo1\/files\/2019\/03\/escrilandia.png\" alt=\"\" width=\"1085\" height=\"694\" srcset=\"https:\/\/cpmendavia.educacion.navarra.es\/web\/ciclo1\/files\/2019\/03\/escrilandia.png 1085w, https:\/\/cpmendavia.educacion.navarra.es\/web\/ciclo1\/files\/2019\/03\/escrilandia-300x192.png 300w, https:\/\/cpmendavia.educacion.navarra.es\/web\/ciclo1\/files\/2019\/03\/escrilandia-768x491.png 768w, https:\/\/cpmendavia.educacion.navarra.es\/web\/ciclo1\/files\/2019\/03\/escrilandia-1024x655.png 1024w\" sizes=\"(max-width: 1085px) 100vw, 1085px\" \/><\/a><\/p>\n<p style=\"text-align: center;\"><a href=\"http:\/\/contenidos.educarex.es\/mci\/2007\/29\/\"><span style=\"color: #0000ff;\"><strong>PARCH\u00cdS ORTOGR\u00c1FICO<\/strong><\/span><\/a><\/p>\n<p>&nbsp;<\/p>\n<p style=\"text-align: center;\"><a href=\"https:\/\/www.discoverykidsplay.com\/juegos\/abcdario\/swf\/motor.swf\"><strong>EL ABCDARIO<\/strong><\/a><br \/>\n<a href=\"https:\/\/www.discoverykidsplay.com\/juegos\/abcdario\/swf\/motor.swf\"><img loading=\"lazy\" class=\"aligncenter wp-image-611 size-full\" src=\"https:\/\/cpmendavia.educacion.navarra.es\/web\/ciclo1\/files\/2018\/04\/abrcedario.png\" alt=\"\" width=\"1163\" height=\"655\" srcset=\"https:\/\/cpmendavia.educacion.navarra.es\/web\/ciclo1\/files\/2018\/04\/abrcedario.png 1163w, https:\/\/cpmendavia.educacion.navarra.es\/web\/ciclo1\/files\/2018\/04\/abrcedario-300x169.png 300w, https:\/\/cpmendavia.educacion.navarra.es\/web\/ciclo1\/files\/2018\/04\/abrcedario-768x433.png 768w, https:\/\/cpmendavia.educacion.navarra.es\/web\/ciclo1\/files\/2018\/04\/abrcedario-1024x577.png 1024w\" sizes=\"(max-width: 1163px) 100vw, 1163px\" \/><\/a><\/p>\n<p style=\"text-align: center;\"><a href=\"http:\/\/www.ceiploreto.es\/sugerencias\/A_1\/Recursosdidacticos\/SEGUNDO\/datos\/01_lengua\/03_Recursos\/01_t\/actividades\/vocabulario\/01.htm\"><strong>EL ABECEDARIO <\/strong><\/a><\/p>\n<p><a href=\"http:\/\/www.ceiploreto.es\/sugerencias\/A_1\/Recursosdidacticos\/SEGUNDO\/datos\/01_lengua\/03_Recursos\/01_t\/actividades\/vocabulario\/01.htm\"><img loading=\"lazy\" class=\"aligncenter wp-image-614 size-full\" src=\"https:\/\/cpmendavia.educacion.navarra.es\/web\/ciclo1\/files\/2018\/04\/1.png\" alt=\"\" width=\"801\" height=\"509\" srcset=\"https:\/\/cpmendavia.educacion.navarra.es\/web\/ciclo1\/files\/2018\/04\/1.png 801w, https:\/\/cpmendavia.educacion.navarra.es\/web\/ciclo1\/files\/2018\/04\/1-300x191.png 300w, https:\/\/cpmendavia.educacion.navarra.es\/web\/ciclo1\/files\/2018\/04\/1-768x488.png 768w\" sizes=\"(max-width: 801px) 100vw, 801px\" \/><\/a><\/p>\n<p style=\"text-align: center;\"><a href=\"http:\/\/www.ceiploreto.es\/sugerencias\/A_1\/Recursosdidacticos\/SEGUNDO\/datos\/01_lengua\/03_Recursos\/01_t\/actividades\/ortografia\/03.htm\"><strong>ORTOGRAF\u00cdA: MAY\u00daSCULA Y PUNTO<\/strong><\/a><\/p>\n<p><a href=\" http:\/\/www.ceiploreto.es\/sugerencias\/A_1\/Recursosdidacticos\/SEGUNDO\/datos\/01_lengua\/03_Recursos\/01_t\/actividades\/ortografia\/03.htm\"><img loading=\"lazy\" class=\"aligncenter wp-image-626 size-full\" src=\"https:\/\/cpmendavia.educacion.navarra.es\/web\/ciclo1\/files\/2019\/03\/3.png\" alt=\"\" width=\"795\" height=\"544\" srcset=\"https:\/\/cpmendavia.educacion.navarra.es\/web\/ciclo1\/files\/2019\/03\/3.png 795w, https:\/\/cpmendavia.educacion.navarra.es\/web\/ciclo1\/files\/2019\/03\/3-300x205.png 300w, https:\/\/cpmendavia.educacion.navarra.es\/web\/ciclo1\/files\/2019\/03\/3-768x526.png 768w\" sizes=\"(max-width: 795px) 100vw, 795px\" \/><\/a><\/p>\n<p>&nbsp;<\/p>\n<p style=\"text-align: center;\"><a href=\"http:\/\/www.ceiploreto.es\/sugerencias\/A_1\/Recursosdidacticos\/SEGUNDO\/datos\/01_lengua\/03_Recursos\/01_t\/actividades\/ortografia\/05.htm\"><strong>ORTOGRAFIA: EXCLAMACI\u00d3N INTERROGACI\u00d3N<\/strong><\/a><\/p>\n<p>&nbsp;<\/p>\n<p><a href=\"http:\/\/www.ceiploreto.es\/sugerencias\/A_1\/Recursosdidacticos\/SEGUNDO\/datos\/01_lengua\/03_Recursos\/01_t\/actividades\/ortografia\/05.htm\"><img loading=\"lazy\" class=\"aligncenter wp-image-631 size-full\" src=\"https:\/\/cpmendavia.educacion.navarra.es\/web\/ciclo1\/files\/2019\/03\/6.png\" alt=\"\" width=\"802\" height=\"553\" srcset=\"https:\/\/cpmendavia.educacion.navarra.es\/web\/ciclo1\/files\/2019\/03\/6.png 802w, https:\/\/cpmendavia.educacion.navarra.es\/web\/ciclo1\/files\/2019\/03\/6-300x207.png 300w, https:\/\/cpmendavia.educacion.navarra.es\/web\/ciclo1\/files\/2019\/03\/6-768x530.png 768w\" sizes=\"(max-width: 802px) 100vw, 802px\" \/><\/a><\/p>\n<p>&nbsp;<\/p>\n<p style=\"text-align: center;\"><a href=\"http:\/\/ntic.educacion.es\/w3\/eos\/MaterialesEducativos\/mem2007\/cueva_tragapalabras\/\"><strong>LA CUEVA DE TRAGAPALABRAS<\/strong><\/a><\/p>\n<p><a href=\"http:\/\/ntic.educacion.es\/w3\/eos\/MaterialesEducativos\/mem2007\/cueva_tragapalabras\/\"><img loading=\"lazy\" class=\"aligncenter wp-image-646 size-full\" src=\"https:\/\/cpmendavia.educacion.navarra.es\/web\/ciclo1\/files\/2019\/03\/cueva-de-tragapalabras.png\" alt=\"\" width=\"863\" height=\"590\" srcset=\"https:\/\/cpmendavia.educacion.navarra.es\/web\/ciclo1\/files\/2019\/03\/cueva-de-tragapalabras.png 863w, https:\/\/cpmendavia.educacion.navarra.es\/web\/ciclo1\/files\/2019\/03\/cueva-de-tragapalabras-300x205.png 300w, https:\/\/cpmendavia.educacion.navarra.es\/web\/ciclo1\/files\/2019\/03\/cueva-de-tragapalabras-768x525.png 768w\" sizes=\"(max-width: 863px) 100vw, 863px\" \/><\/a><\/p>\n<p style=\"text-align: center;\"><a href=\"http:\/\/www.ceiploreto.es\/sugerencias\/A_1\/Recursosdidacticos\/SEGUNDO\/datos\/01_lengua\/03_Recursos\/01_t\/actividades\/vocabulario\/04.htm\"><strong><span style=\"color: #3366ff;\">VOCABULARIO<\/span><\/strong><\/a><\/p>\n<p><a href=\"http:\/\/www.ceiploreto.es\/sugerencias\/A_1\/Recursosdidacticos\/SEGUNDO\/datos\/01_lengua\/03_Recursos\/01_t\/actividades\/vocabulario\/04.htm\"><img loading=\"lazy\" class=\"aligncenter wp-image-704 size-full\" src=\"https:\/\/cpmendavia.educacion.navarra.es\/web\/ciclo1\/files\/2019\/03\/t.png\" alt=\"\" width=\"793\" height=\"514\" srcset=\"https:\/\/cpmendavia.educacion.navarra.es\/web\/ciclo1\/files\/2019\/03\/t.png 793w, https:\/\/cpmendavia.educacion.navarra.es\/web\/ciclo1\/files\/2019\/03\/t-300x194.png 300w, https:\/\/cpmendavia.educacion.navarra.es\/web\/ciclo1\/files\/2019\/03\/t-768x498.png 768w\" sizes=\"(max-width: 793px) 100vw, 793px\" \/><\/a><\/p>\n<p style=\"text-align: center;\"><a href=\"https:\/\/lessons.e-learningforkids.org\/efk\/Courses\/ES\/L0701\/index.html\"><strong>LAS AVENTURAS DEL MAGO LEXIS<\/strong><\/a><\/p>\n<p><a href=\"https:\/\/lessons.e-learningforkids.org\/efk\/Courses\/ES\/L0701\/index.html\"><img loading=\"lazy\" class=\"aligncenter wp-image-706 size-full\" src=\"https:\/\/cpmendavia.educacion.navarra.es\/web\/ciclo1\/files\/2019\/03\/s.png\" alt=\"\" width=\"643\" height=\"465\" srcset=\"https:\/\/cpmendavia.educacion.navarra.es\/web\/ciclo1\/files\/2019\/03\/s.png 643w, https:\/\/cpmendavia.educacion.navarra.es\/web\/ciclo1\/files\/2019\/03\/s-300x217.png 300w\" sizes=\"(max-width: 643px) 100vw, 643px\" \/><\/a><\/p>\n<p style=\"text-align: center;\"><a href=\"http:\/\/www.ceiploreto.es\/sugerencias\/A_1\/Recursosdidacticos\/SEGUNDO\/datos\/01_lengua\/03_Recursos\/02_t\/actividades\/gramatica\/08.htm\"><strong>GRAM\u00c1TICA MASCULINO\/FEMENINO<\/strong><\/a><\/p>\n<p><a href=\"http:\/\/www.ceiploreto.es\/sugerencias\/A_1\/Recursosdidacticos\/SEGUNDO\/datos\/01_lengua\/03_Recursos\/02_t\/actividades\/gramatica\/08.htm\"><img loading=\"lazy\" class=\"aligncenter wp-image-708 size-full\" src=\"https:\/\/cpmendavia.educacion.navarra.es\/web\/ciclo1\/files\/2019\/03\/v.png\" alt=\"\" width=\"801\" height=\"508\" srcset=\"https:\/\/cpmendavia.educacion.navarra.es\/web\/ciclo1\/files\/2019\/03\/v.png 801w, https:\/\/cpmendavia.educacion.navarra.es\/web\/ciclo1\/files\/2019\/03\/v-300x190.png 300w, https:\/\/cpmendavia.educacion.navarra.es\/web\/ciclo1\/files\/2019\/03\/v-768x487.png 768w\" sizes=\"(max-width: 801px) 100vw, 801px\" \/><\/a><\/p>\n<p>&nbsp;<\/p>\n<p style=\"text-align: center;\"><a href=\"https:\/\/cplosangeles.educarex.es\/web\/edilim\/curso_2\/lengua\/genero02\/genero02.html\"><strong>EL G\u00c9NERO DE LOS SUSTANTIVOS<\/strong><\/a><\/p>\n<p><a href=\"https:\/\/cplosangeles.educarex.es\/web\/edilim\/curso_2\/lengua\/genero02\/genero02.html\"><img loading=\"lazy\" class=\"aligncenter wp-image-710 size-full\" src=\"https:\/\/cpmendavia.educacion.navarra.es\/web\/ciclo1\/files\/2019\/03\/y.png\" alt=\"\" width=\"1202\" height=\"641\" srcset=\"https:\/\/cpmendavia.educacion.navarra.es\/web\/ciclo1\/files\/2019\/03\/y.png 1202w, https:\/\/cpmendavia.educacion.navarra.es\/web\/ciclo1\/files\/2019\/03\/y-300x160.png 300w, https:\/\/cpmendavia.educacion.navarra.es\/web\/ciclo1\/files\/2019\/03\/y-768x410.png 768w, https:\/\/cpmendavia.educacion.navarra.es\/web\/ciclo1\/files\/2019\/03\/y-1024x546.png 1024w\" sizes=\"(max-width: 1202px) 100vw, 1202px\" \/><\/a><\/p>\n<p style=\"text-align: center;\"><a href=\"http:\/\/www.ceiploreto.es\/sugerencias\/A_1\/Recursosdidacticos\/SEGUNDO\/datos\/01_lengua\/03_Recursos\/01_t\/actividades\/gramatica\/05.htm\"><span style=\"color: #3366ff;\"><strong>MASCULINO\/FEMENINO<\/strong><\/span><\/a><a href=\"https:\/\/cplosangeles.educarex.es\/web\/edilim\/curso_2\/lengua\/articulo02\/articulo02.html\"><br \/>\n<img loading=\"lazy\" class=\"aligncenter wp-image-712 size-full\" src=\"https:\/\/cpmendavia.educacion.navarra.es\/web\/ciclo1\/files\/2019\/03\/z.png\" alt=\"\" width=\"798\" height=\"545\" srcset=\"https:\/\/cpmendavia.educacion.navarra.es\/web\/ciclo1\/files\/2019\/03\/z.png 798w, https:\/\/cpmendavia.educacion.navarra.es\/web\/ciclo1\/files\/2019\/03\/z-300x205.png 300w, https:\/\/cpmendavia.educacion.navarra.es\/web\/ciclo1\/files\/2019\/03\/z-768x525.png 768w\" sizes=\"(max-width: 798px) 100vw, 798px\" \/><span style=\"color: #3366ff;\"><strong>EL ART\u00cdCULO<\/strong><\/span><\/a><a href=\"https:\/\/cplosangeles.educarex.es\/web\/edilim\/curso_2\/lengua\/articulo02\/articulo02.html\"><img loading=\"lazy\" class=\"aligncenter wp-image-714 size-full\" src=\"https:\/\/cpmendavia.educacion.navarra.es\/web\/ciclo1\/files\/2019\/03\/zz.png\" alt=\"\" width=\"1214\" height=\"641\" srcset=\"https:\/\/cpmendavia.educacion.navarra.es\/web\/ciclo1\/files\/2019\/03\/zz.png 1214w, https:\/\/cpmendavia.educacion.navarra.es\/web\/ciclo1\/files\/2019\/03\/zz-300x158.png 300w, https:\/\/cpmendavia.educacion.navarra.es\/web\/ciclo1\/files\/2019\/03\/zz-768x406.png 768w, https:\/\/cpmendavia.educacion.navarra.es\/web\/ciclo1\/files\/2019\/03\/zz-1024x541.png 1024w\" sizes=\"(max-width: 1214px) 100vw, 1214px\" \/><\/a><\/p>\n<p>&nbsp;<\/p>\n<p style=\"text-align: center;\"><a href=\"http:\/\/www.rinconsolidario.org\/palabrasamigas\/pa\/juegos.htm\"><strong><span style=\"color: #3366ff;\">JUEGA CON LAS PALABRAS<\/span><\/strong><\/a><\/p>\n<p>&nbsp;<\/p>\n<p><a href=\"http:\/\/www.rinconsolidario.org\/palabrasamigas\/pa\/juegos.htm\"><img loading=\"lazy\" class=\"wp-image-729 size-full alignnone\" src=\"https:\/\/cpmendavia.educacion.navarra.es\/web\/ciclo1\/files\/2019\/03\/Juega-con-las-palabras.png\" alt=\"\" width=\"920\" height=\"694\" srcset=\"https:\/\/cpmendavia.educacion.navarra.es\/web\/ciclo1\/files\/2019\/03\/Juega-con-las-palabras.png 920w, https:\/\/cpmendavia.educacion.navarra.es\/web\/ciclo1\/files\/2019\/03\/Juega-con-las-palabras-300x226.png 300w, https:\/\/cpmendavia.educacion.navarra.es\/web\/ciclo1\/files\/2019\/03\/Juega-con-las-palabras-768x579.png 768w\" sizes=\"(max-width: 920px) 100vw, 920px\" \/><\/a><\/p>\n<p style=\"text-align: center;\"><a href=\"http:\/\/www.educa.jcyl.es\/educacyl\/cm\/gallery\/Recursos%20Infinity\/aplicaciones\/13_elemental_watson\/index.html\"><strong>JUEGOS DE ORTOGRAF\u00cdA<\/strong><\/a><\/p>\n<p>&nbsp;<\/p>\n<p><a href=\"http:\/\/www.educa.jcyl.es\/educacyl\/cm\/gallery\/Recursos%20Infinity\/aplicaciones\/13_elemental_watson\/index.html\"><img loading=\"lazy\" class=\"aligncenter wp-image-731 size-full\" src=\"https:\/\/cpmendavia.educacion.navarra.es\/web\/ciclo1\/files\/2019\/03\/ortograf\u00eda.png\" alt=\"\" width=\"1040\" height=\"680\" srcset=\"https:\/\/cpmendavia.educacion.navarra.es\/web\/ciclo1\/files\/2019\/03\/ortograf\u00eda.png 1040w, https:\/\/cpmendavia.educacion.navarra.es\/web\/ciclo1\/files\/2019\/03\/ortograf\u00eda-300x196.png 300w, https:\/\/cpmendavia.educacion.navarra.es\/web\/ciclo1\/files\/2019\/03\/ortograf\u00eda-768x502.png 768w, https:\/\/cpmendavia.educacion.navarra.es\/web\/ciclo1\/files\/2019\/03\/ortograf\u00eda-1024x670.png 1024w\" sizes=\"(max-width: 1040px) 100vw, 1040px\" \/><\/a><\/p>\n<p style=\"text-align: center;\"><a href=\"http:\/\/www.educa.jcyl.es\/educacyl\/cm\/gallery\/recursos%20edebe\/index.htm\"><span style=\"color: #333399;\"><strong>ACTIVIDADES DE LENGUA<\/strong><\/span><\/a><\/p>\n<p>&nbsp;<\/p>\n<p><a href=\"http:\/\/www.educa.jcyl.es\/educacyl\/cm\/gallery\/recursos%20edebe\/index.htm\"><img loading=\"lazy\" class=\"aligncenter wp-image-772 size-full\" src=\"https:\/\/cpmendavia.educacion.navarra.es\/web\/ciclo1\/files\/2019\/03\/1a-1.png\" alt=\"\" width=\"726\" height=\"490\" srcset=\"https:\/\/cpmendavia.educacion.navarra.es\/web\/ciclo1\/files\/2019\/03\/1a-1.png 726w, https:\/\/cpmendavia.educacion.navarra.es\/web\/ciclo1\/files\/2019\/03\/1a-1-300x202.png 300w\" sizes=\"(max-width: 726px) 100vw, 726px\" \/><\/a><\/p>\n<p style=\"text-align: center;\"><a href=\"http:\/\/www.reglasdeortografia.com\/testvelocidad01.html\"><strong>TEST DE VELOCIDAD LECTORA<\/strong><\/a><\/p>\n","protected":false},"excerpt":{"rendered":"<p>&nbsp; Publicado por: Alicia ESCRILANDIA PARCH\u00cdS ORTOGR\u00c1FICO &nbsp; EL ABCDARIO EL ABECEDARIO ORTOGRAF\u00cdA: MAY\u00daSCULA Y PUNTO &nbsp; ORTOGRAFIA: EXCLAMACI\u00d3N INTERROGACI\u00d3N &nbsp; &nbsp; LA CUEVA DE TRAGAPALABRAS VOCABULARIO LAS AVENTURAS DEL MAGO LEXIS GRAM\u00c1TICA MASCULINO\/FEMENINO &nbsp; EL G\u00c9NERO DE LOS SUSTANTIVOS MASCULINO\/FEMENINO EL ART\u00cdCULO &nbsp; JUEGA CON LAS PALABRAS &nbsp; JUEGOS DE ORTOGRAF\u00cdA &nbsp; ACTIVIDADES DE &hellip; <\/p>\n<p><a class=\"more-link btn\" href=\"https:\/\/cpmendavia.educacion.navarra.es\/web\/ciclo1\/recursos-2o\/\">Continue reading<\/a><\/p>\n","protected":false},"author":1,"featured_media":0,"parent":0,"menu_order":0,"comment_status":"closed","ping_status":"closed","template":"","meta":[],"_links":{"self":[{"href":"https:\/\/cpmendavia.educacion.navarra.es\/web\/ciclo1\/wp-json\/wp\/v2\/pages\/504"}],"collection":[{"href":"https:\/\/cpmendavia.educacion.navarra.es\/web\/ciclo1\/wp-json\/wp\/v2\/pages"}],"about":[{"href":"https:\/\/cpmendavia.educacion.navarra.es\/web\/ciclo1\/wp-json\/wp\/v2\/types\/page"}],"author":[{"embeddable":true,"href":"https:\/\/cpmendavia.educacion.navarra.es\/web\/ciclo1\/wp-json\/wp\/v2\/users\/1"}],"replies":[{"embeddable":true,"href":"https:\/\/cpmendavia.educacion.navarra.es\/web\/ciclo1\/wp-json\/wp\/v2\/comments?post=504"}],"version-history":[{"count":47,"href":"https:\/\/cpmendavia.educacion.navarra.es\/web\/ciclo1\/wp-json\/wp\/v2\/pages\/504\/revisions"}],"predecessor-version":[{"id":774,"href":"https:\/\/cpmendavia.educacion.navarra.es\/web\/ciclo1\/wp-json\/wp\/v2\/pages\/504\/revisions\/774"}],"wp:attachment":[{"href":"https:\/\/cpmendavia.educacion.navarra.es\/web\/ciclo1\/wp-json\/wp\/v2\/media?parent=504"}],"curies":[{"name":"wp","href":"https:\/\/api.w.org\/{rel}","templated":true}]}}